{"id":211,"date":"2021-10-22T13:40:46","date_gmt":"2021-10-22T11:40:46","guid":{"rendered":"http:\/\/nano.bestoffice.nazwa.pl\/?page_id=211"},"modified":"2021-10-22T13:58:09","modified_gmt":"2021-10-22T11:58:09","slug":"dzialanie-nanosrebra","status":"publish","type":"page","link":"https:\/\/nanobestworld.pl\/index.php\/dzialanie-nanosrebra\/","title":{"rendered":"Dzia\u0142anie nanosrebra"},"content":{"rendered":"\t\t<div data-elementor-type=\"wp-page\" data-elementor-id=\"211\" class=\"elementor elementor-211\" data-elementor-settings=\"[]\">\n\t\t\t\t\t\t<div class=\"elementor-inner\">\n\t\t\t\t\t\t\t<div class=\"elementor-section-wrap\">\n\t\t\t\t\t\t\t<section class=\"elementor-section elementor-top-section elementor-element elementor-element-ec566bb elementor-section-boxed elementor-section-height-default elementor-section-height-default\" data-id=\"ec566bb\" data-element_type=\"section\">\n\t\t\t\t\t\t\t<div class=\"elementor-background-overlay\"><\/div>\n\t\t\t\t\t\t\t<div class=\"elementor-container elementor-column-gap-default\">\n\t\t\t\t\t\t\t<div class=\"elementor-row\">\n\t\t\t\t\t<div class=\"elementor-column elementor-col-100 elementor-top-column elementor-element elementor-element-f38b445\" data-id=\"f38b445\" data-element_type=\"column\">\n\t\t\t<div class=\"elementor-column-wrap elementor-element-populated\">\n\t\t\t\t\t\t\t<div class=\"elementor-widget-wrap\">\n\t\t\t\t\t\t<div class=\"elementor-element elementor-element-128a0d1 elementor-widget elementor-widget-text-editor\" data-id=\"128a0d1\" data-element_type=\"widget\" data-widget_type=\"text-editor.default\">\n\t\t\t\t<div class=\"elementor-widget-container\">\n\t\t\t\t\t\t\t\t<div class=\"elementor-text-editor elementor-clearfix\">\n\t\t\t\tNanosrebro znane w medycynie wsp\u00f3\u0142czesnej od prawie stu lat, jest lekiem naturalnym. Srebro w postaci koloidalnej jest przyswajalne w oko\u0142o 98-99 % kiedy minera\u0142y w postaci tabletek s\u0105 przyswajalne tylko w 40-60%.\t\t\t\t\t<\/div>\n\t\t\t\t\t\t<\/div>\n\t\t\t\t<\/div>\n\t\t\t\t<div class=\"elementor-element elementor-element-f3b00ee elementor-widget elementor-widget-text-editor\" data-id=\"f3b00ee\" data-element_type=\"widget\" data-widget_type=\"text-editor.default\">\n\t\t\t\t<div class=\"elementor-widget-container\">\n\t\t\t\t\t\t\t\t<div class=\"elementor-text-editor elementor-clearfix\">\n\t\t\t\t<p>Nano Srebro jest roztworem o dzia\u0142aniu przeciwbakteryjnym, przeciwwirusowym i grzybob\u00f3jczym. S\u0142u\u017cy do u\u017cytku wewn\u0119trznego i zewn\u0119trznego. Jest naturalnym antybiotykiem: efektywnym, \u0142agodnym i nietoksycznym. Nie kumuluje si\u0119 w organizmie i zostaje w ci\u0105gu kilku dni wydalone. Je\u015bli antybiotyk eliminuje oko\u0142o 6-7 szkodliwych bakterii, to srebro koloidalne niszczy ponad 650 chorobotw\u00f3rczych bakterii, wirus\u00f3w, grzyb\u00f3w i ple\u015bni.<\/p>\t\t\t\t\t<\/div>\n\t\t\t\t\t\t<\/div>\n\t\t\t\t<\/div>\n\t\t\t\t<div class=\"elementor-element elementor-element-8c8373a elementor-widget elementor-widget-text-editor\" data-id=\"8c8373a\" data-element_type=\"widget\" data-widget_type=\"text-editor.default\">\n\t\t\t\t<div class=\"elementor-widget-container\">\n\t\t\t\t\t\t\t\t<div class=\"elementor-text-editor elementor-clearfix\">\n\t\t\t\tSrebro koloidalne jest:\n\n\t\t\t\t\t<\/div>\n\t\t\t\t\t\t<\/div>\n\t\t\t\t<\/div>\n\t\t\t\t<div class=\"elementor-element elementor-element-0ce09b0 elementor-widget elementor-widget-text-editor\" data-id=\"0ce09b0\" data-element_type=\"widget\" data-widget_type=\"text-editor.default\">\n\t\t\t\t<div class=\"elementor-widget-container\">\n\t\t\t\t\t\t\t\t<div class=\"elementor-text-editor elementor-clearfix\">\n\t\t\t\t<ul><li>Bezpieczne<\/li><li>Dzia\u0142a jak antybiotyk<\/li><li>Niszczy grzyby i ple\u015b\u0144<\/li><li>Wspomaga rozw\u00f3j kom\u00f3rek<\/li><li>Nie podra\u017cnia b\u0142on \u015bluzowych<\/li><li>Nie zawiera wolnych rodnik\u00f3w<\/li><li>Dzia\u0142a przeciwzapalne<\/li><li>Jest bio-przyswajalne<\/li><li>Nie reaguje z lekami<\/li><li>Jest bezpieczne dla kobiet w ci\u0105\u017cy i matek karmi\u0105cych &#8211; Nietoksyczne<\/li><li>Zabija ponad 650 patogen\u00f3w<\/li><li>Zabija paso\u017cyty<\/li><li>Nie akumuluje si\u0119 w organizmie<\/li><li>Nie uzale\u017cnia<\/li><li>Oczyszcza wod\u0119<\/li><li>Odka\u017ca powierzchnie zewn\u0119trzne<\/li><li>Nie podra\u017cnia \u015bluz\u00f3wek oczu<\/li><li>Wzmacnia odporno\u015b\u0107 organizmu<\/li><li>Bezbarwne, bez zapachu.<\/li><\/ul>\t\t\t\t\t<\/div>\n\t\t\t\t\t\t<\/div>\n\t\t\t\t<\/div>\n\t\t\t\t<div class=\"elementor-element elementor-element-2d7d244 elementor-widget elementor-widget-text-editor\" data-id=\"2d7d244\" data-element_type=\"widget\" data-widget_type=\"text-editor.default\">\n\t\t\t\t<div class=\"elementor-widget-container\">\n\t\t\t\t\t\t\t\t<div class=\"elementor-text-editor elementor-clearfix\">\n\t\t\t\tZe wzgl\u0119du na silne dzia\u0142anie bakteriob\u00f3jcze, srebro koloidalne okaza\u0142o si\u0119 wysoce skuteczne w zapobieganiu i leczeniu infekcji i chor\u00f3b, \u0142\u0105cznie z AIDS, gronkowcami i paciorkowcami.\n\nStosowanie zewn\u0119trzne: Koloidalne srebro stosowane do: skaleczenia rany, zadrapania, do zakraplania nosa czy oczu &#8211; nie podra\u017cnia kom\u00f3rek i tkanek. Stosuje si\u0119 je przez nanoszenie roztworu Koloidalnego Srebra bezpo\u015brednio na sk\u00f3r\u0119 przy pomocy kataplazm\u00f3w (ok\u0142ad\u00f3w), rozpylacza (spray) w przypadku takich podra\u017cnie\u0144 jak:\t\t\t\t\t<\/div>\n\t\t\t\t\t\t<\/div>\n\t\t\t\t<\/div>\n\t\t\t\t<div class=\"elementor-element elementor-element-e22ca34 elementor-widget elementor-widget-text-editor\" data-id=\"e22ca34\" data-element_type=\"widget\" data-widget_type=\"text-editor.default\">\n\t\t\t\t<div class=\"elementor-widget-container\">\n\t\t\t\t\t\t\t\t<div class=\"elementor-text-editor elementor-clearfix\">\n\t\t\t\t<ul><li>Oparzenia w tym s\u0142oneczne<\/li><li>Opryszczka<\/li><li>Zmiany sk\u00f3rne<\/li><li>Grzybice sk\u00f3ry &#8211; Tr\u0105dzik<\/li><li>Zaka\u017cenia dro\u017cd\u017cami<\/li><li>Infekcje uszu i oczu<\/li><li>Ospa wietrzna &#8211; Wysypka, sw\u0119dzenie sk\u00f3ry<\/li><li>Brodawki mi\u0119kkie sk\u00f3ry<\/li><li>Ostre zapalenie spoj\u00f3wek<\/li><li>Zapalenie sk\u00f3ry<\/li><\/ul>\t\t\t\t\t<\/div>\n\t\t\t\t\t\t<\/div>\n\t\t\t\t<\/div>\n\t\t\t\t<div class=\"elementor-element elementor-element-f306639 elementor-widget elementor-widget-text-editor\" data-id=\"f306639\" data-element_type=\"widget\" data-widget_type=\"text-editor.default\">\n\t\t\t\t<div class=\"elementor-widget-container\">\n\t\t\t\t\t\t\t\t<div class=\"elementor-text-editor elementor-clearfix\">\n\t\t\t\t<p>Cz\u0105stki srebra nie opadaj\u0105 na dno naczynia ani nie unosz\u0105 si\u0119 na powierzchni, poniewa\u017c posiadaj\u0105 jednakowy \u0142adunek elektryczny, co powoduje ze odpychaj\u0105 si\u0119 wzajemne pozostaj\u0105c w ci\u0105g\u0142ym ruchu. Srebro koloidalne jest, wi\u0119c aktywne. Cz\u0105steczki Nano Srebra mo\u017cna obserwowa\u0107 przez mikroskop elektronowy. Im mniejsza cz\u0105steczka, tym lepsza b\u0119dzie skuteczno\u015b\u0107 roztworu.<\/p><p>Optymalna wielko\u015b\u0107 cz\u0105steczki to 5-10 nm. Dla por\u00f3wnania wirusy maja wielko\u015b\u0107 od 15 do 150 nm, przy czym wielko\u015b\u0107 ta u wi\u0119kszo\u015bci z nich wacha si\u0119 w przedziale 20-40 nm. Bakterie maj\u0105 wielko\u015b\u0107 od 350 do, 1000 nm. Dlatego te\u017c nano srebro mo\u017ce swobodnie wnika\u0107 do wn\u0119trza patogen\u00f3w i niszczy\u0107 je.<\/p><p>Srebro, opr\u00f3cz tego, \u017ce jest metalem szlachetnym, jest r\u00f3wnie\u017c pierwiastkiem \u015bladowym, niezb\u0119dnym dla prawid\u0142owego funkcjonowania organizmu cz\u0142owieka. Dzia\u0142anie \u015bladowych ilo\u015bci srebra ma natur\u0119 profilaktyczn\u0105 i ochronn\u0105. Pomaga wzmocni\u0107 system immunologiczny. W miar\u0119 starzenia si\u0119 organizmu, spada jego zdolno\u015b\u0107 asymilowania srebra. Prowadzi to do niedobor\u00f3w srebra i upo\u015bledza uk\u0142ad odporno\u015bciowy. Istnieje wysoka zbie\u017cno\u015b\u0107 pomi\u0119dzy niskim poziomem srebra a zachorowalno\u015bci\u0105 na r\u00f3\u017cnego rodzaju choroby.<\/p><p>Poniewa\u017c nasza gleba zosta\u0142a wyja\u0142owiona przez intensywn\u0105 gospodark\u0119 roln\u0105 i nawozy sztuczne, nasza \u017cywno\u015b\u0107 praktycznie nie zawiera srebra w charakterze pierwiastka \u015bladowego. W wyniku nadmiernej eksploatacji grunt\u00f3w rolnych, wyrzucania \u015bciek\u00f3w do rzek i m\u00f3rz, pozbawiamy gleb\u0119 srebra oraz innych naturalnych minera\u0142\u00f3w, podczas gdy w zamian dostarczamy jedynie potas, fosfor i azot. Je\u015bli w organizmie wyst\u0105pi niedob\u00f3r srebra, nast\u0119puje uszkodzenie systemu immunologicznego.<br \/>Nano srebro w takiej postaci jest bio przyswajalne, co oznacza, ze wnika bezpo\u015brednio do tkanek cia\u0142a.<\/p>\t\t\t\t\t<\/div>\n\t\t\t\t\t\t<\/div>\n\t\t\t\t<\/div>\n\t\t\t\t\t\t<\/div>\n\t\t\t\t\t<\/div>\n\t\t<\/div>\n\t\t\t\t\t\t\t\t<\/div>\n\t\t\t\t\t<\/div>\n\t\t<\/section>\n\t\t\t\t\t\t<\/div>\n\t\t\t\t\t\t<\/div>\n\t\t\t\t\t<\/div>\n\t\t","protected":false},"excerpt":{"rendered":"<p>Nanosrebro znane w medycynie wsp\u00f3\u0142czesnej od prawie stu lat, jest lekiem naturalnym. Srebro w postaci koloidalnej jest przyswajalne w oko\u0142o 98-99 % kiedy minera\u0142y w postaci tabletek s\u0105 przyswajalne tylko w 40-60%. Nano Srebro jest roztworem o dzia\u0142aniu przeciwbakteryjnym, przeciwwirusowym i grzybob\u00f3jczym. S\u0142u\u017cy do u\u017cytku wewn\u0119trznego i zewn\u0119trznego. Jest naturalnym antybiotykiem: efektywnym, \u0142agodnym i nietoksycznym. [&hellip;]<\/p>\n","protected":false},"author":1,"featured_media":0,"parent":0,"menu_order":0,"comment_status":"closed","ping_status":"closed","template":"","meta":[],"_links":{"self":[{"href":"https:\/\/nanobestworld.pl\/index.php\/wp-json\/wp\/v2\/pages\/211"}],"collection":[{"href":"https:\/\/nanobestworld.pl\/index.php\/wp-json\/wp\/v2\/pages"}],"about":[{"href":"https:\/\/nanobestworld.pl\/index.php\/wp-json\/wp\/v2\/types\/page"}],"author":[{"embeddable":true,"href":"https:\/\/nanobestworld.pl\/index.php\/wp-json\/wp\/v2\/users\/1"}],"replies":[{"embeddable":true,"href":"https:\/\/nanobestworld.pl\/index.php\/wp-json\/wp\/v2\/comments?post=211"}],"version-history":[{"count":25,"href":"https:\/\/nanobestworld.pl\/index.php\/wp-json\/wp\/v2\/pages\/211\/revisions"}],"predecessor-version":[{"id":239,"href":"https:\/\/nanobestworld.pl\/index.php\/wp-json\/wp\/v2\/pages\/211\/revisions\/239"}],"wp:attachment":[{"href":"https:\/\/nanobestworld.pl\/index.php\/wp-json\/wp\/v2\/media?parent=211"}],"curies":[{"name":"wp","href":"https:\/\/api.w.org\/{rel}","templated":true}]}}