{"id":493,"date":"2021-11-03T15:25:10","date_gmt":"2021-11-03T14:25:10","guid":{"rendered":"http:\/\/nano.bestoffice.nazwa.pl\/?page_id=493"},"modified":"2021-11-04T09:25:45","modified_gmt":"2021-11-04T08:25:45","slug":"nano-zloto","status":"publish","type":"page","link":"https:\/\/nanobestworld.pl\/index.php\/nano-zloto\/","title":{"rendered":"Nano z\u0142oto"},"content":{"rendered":"\t\t<div data-elementor-type=\"wp-page\" data-elementor-id=\"493\" class=\"elementor elementor-493\" data-elementor-settings=\"[]\">\n\t\t\t\t\t\t<div class=\"elementor-inner\">\n\t\t\t\t\t\t\t<div class=\"elementor-section-wrap\">\n\t\t\t\t\t\t\t<section class=\"elementor-section elementor-top-section elementor-element elementor-element-1227f2e5 elementor-section-boxed elementor-section-height-default elementor-section-height-default\" data-id=\"1227f2e5\" data-element_type=\"section\">\n\t\t\t\t\t\t<div class=\"elementor-container elementor-column-gap-default\">\n\t\t\t\t\t\t\t<div class=\"elementor-row\">\n\t\t\t\t\t<div class=\"elementor-column elementor-col-50 elementor-top-column elementor-element elementor-element-6dd1dbeb\" data-id=\"6dd1dbeb\" data-element_type=\"column\">\n\t\t\t<div class=\"elementor-column-wrap elementor-element-populated\">\n\t\t\t\t\t\t\t<div class=\"elementor-widget-wrap\">\n\t\t\t\t\t\t<div class=\"elementor-element elementor-element-4bd0de3c elementor-widget elementor-widget-heading\" data-id=\"4bd0de3c\" data-element_type=\"widget\" data-widget_type=\"heading.default\">\n\t\t\t\t<div class=\"elementor-widget-container\">\n\t\t\t<h2 class=\"elementor-heading-title elementor-size-default\">Nano Z\u0142oto [1 litr]<\/h2>\t\t<\/div>\n\t\t\t\t<\/div>\n\t\t\t\t<div class=\"elementor-element elementor-element-2a123c1 elementor-widget elementor-widget-text-editor\" data-id=\"2a123c1\" data-element_type=\"widget\" data-widget_type=\"text-editor.default\">\n\t\t\t\t<div class=\"elementor-widget-container\">\n\t\t\t\t\t\t\t\t<div class=\"elementor-text-editor elementor-clearfix\">\n\t\t\t\tCena: 220,00 PLN netto (270 PLN brutto)\t\t\t\t\t<\/div>\n\t\t\t\t\t\t<\/div>\n\t\t\t\t<\/div>\n\t\t\t\t<div class=\"elementor-element elementor-element-1c8a1261 elementor-tablet-align-center elementor-icon-list--layout-traditional elementor-list-item-link-full_width elementor-widget elementor-widget-icon-list\" data-id=\"1c8a1261\" data-element_type=\"widget\" data-widget_type=\"icon-list.default\">\n\t\t\t\t<div class=\"elementor-widget-container\">\n\t\t\t\t\t<ul class=\"elementor-icon-list-items\">\n\t\t\t\t\t\t\t<li class=\"elementor-icon-list-item\">\n\t\t\t\t\t\t\t\t\t\t\t<span class=\"elementor-icon-list-icon\">\n\t\t\t\t\t\t\t<i aria-hidden=\"true\" class=\"far fa-dot-circle\"><\/i>\t\t\t\t\t\t<\/span>\n\t\t\t\t\t\t\t\t\t\t<span class=\"elementor-icon-list-text\">cz\u0105steczki z\u0142ota (Au) i H20<\/span>\n\t\t\t\t\t\t\t\t\t<\/li>\n\t\t\t\t\t\t\t\t<li class=\"elementor-icon-list-item\">\n\t\t\t\t\t\t\t\t\t\t\t<span class=\"elementor-icon-list-icon\">\n\t\t\t\t\t\t\t<i aria-hidden=\"true\" class=\"far fa-dot-circle\"><\/i>\t\t\t\t\t\t<\/span>\n\t\t\t\t\t\t\t\t\t\t<span class=\"elementor-icon-list-text\">  wielko\u015b\u0107 cz\u0105steczki do 18 nm<\/span>\n\t\t\t\t\t\t\t\t\t<\/li>\n\t\t\t\t\t\t\t\t<li class=\"elementor-icon-list-item\">\n\t\t\t\t\t\t\t\t\t\t\t<span class=\"elementor-icon-list-icon\">\n\t\t\t\t\t\t\t<i aria-hidden=\"true\" class=\"far fa-dot-circle\"><\/i>\t\t\t\t\t\t<\/span>\n\t\t\t\t\t\t\t\t\t\t<span class=\"elementor-icon-list-text\"> st\u0119\u017cenie : 25 ppm<\/span>\n\t\t\t\t\t\t\t\t\t<\/li>\n\t\t\t\t\t\t\t\t<li class=\"elementor-icon-list-item\">\n\t\t\t\t\t\t\t\t\t\t\t<span class=\"elementor-icon-list-icon\">\n\t\t\t\t\t\t\t<i aria-hidden=\"true\" class=\"far fa-dot-circle\"><\/i>\t\t\t\t\t\t<\/span>\n\t\t\t\t\t\t\t\t\t\t<span class=\"elementor-icon-list-text\"> produkt wa\u017cny przez okres 3 lat od daty produkcji<\/span>\n\t\t\t\t\t\t\t\t\t<\/li>\n\t\t\t\t\t\t<\/ul>\n\t\t\t\t<\/div>\n\t\t\t\t<\/div>\n\t\t\t\t\t\t<\/div>\n\t\t\t\t\t<\/div>\n\t\t<\/div>\n\t\t\t\t<div class=\"elementor-column elementor-col-50 elementor-top-column elementor-element elementor-element-6e092c37\" data-id=\"6e092c37\" data-element_type=\"column\">\n\t\t\t<div class=\"elementor-column-wrap elementor-element-populated\">\n\t\t\t\t\t\t\t<div class=\"elementor-widget-wrap\">\n\t\t\t\t\t\t<div class=\"elementor-element elementor-element-61afbe90 elementor-widget elementor-widget-image\" data-id=\"61afbe90\" data-element_type=\"widget\" data-widget_type=\"image.default\">\n\t\t\t\t<div class=\"elementor-widget-container\">\n\t\t\t\t\t\t\t\t<div class=\"elementor-image\">\n\t\t\t\t\t\t\t\t\t\t\t\t<img width=\"187\" height=\"260\" src=\"https:\/\/nanobestworld.pl\/wp-content\/uploads\/2021\/11\/xzloto.jpg.pagespeed.ic_.qEQbxvBcEA.webp\" class=\"attachment-full size-full\" alt=\"\" loading=\"lazy\" \/>\t\t\t\t\t\t\t\t\t\t\t\t\t\t<\/div>\n\t\t\t\t\t\t<\/div>\n\t\t\t\t<\/div>\n\t\t\t\t\t\t<\/div>\n\t\t\t\t\t<\/div>\n\t\t<\/div>\n\t\t\t\t\t\t\t\t<\/div>\n\t\t\t\t\t<\/div>\n\t\t<\/section>\n\t\t\t\t<section class=\"elementor-section elementor-top-section elementor-element elementor-element-e079ef9 elementor-section-boxed elementor-section-height-default elementor-section-height-default\" data-id=\"e079ef9\" data-element_type=\"section\">\n\t\t\t\t\t\t<div class=\"elementor-container elementor-column-gap-default\">\n\t\t\t\t\t\t\t<div class=\"elementor-row\">\n\t\t\t\t\t<div class=\"elementor-column elementor-col-100 elementor-top-column elementor-element elementor-element-0f84dab\" data-id=\"0f84dab\" data-element_type=\"column\">\n\t\t\t<div class=\"elementor-column-wrap elementor-element-populated\">\n\t\t\t\t\t\t\t<div class=\"elementor-widget-wrap\">\n\t\t\t\t\t\t<div class=\"elementor-element elementor-element-7685bd92 elementor-widget elementor-widget-text-editor\" data-id=\"7685bd92\" data-element_type=\"widget\" data-widget_type=\"text-editor.default\">\n\t\t\t\t<div class=\"elementor-widget-container\">\n\t\t\t\t\t\t\t\t<div class=\"elementor-text-editor elementor-clearfix\">\n\t\t\t\t<p>Wsp\u00f3\u0142cze\u015bnie zaleca si\u0119 stosowanie preparat\u00f3w ze z\u0142otem w razie chor\u00f3b reumatycznych odpornych na inne leki: artretyzm, reumatoidalne zapalenie staw\u00f3w, \u0142uszczycowe zapalenie staw\u00f3w. A ponadto dzia\u0142a skutecznie w: cukrzycy, wypadaniu w\u0142os\u00f3w, chorobach zaka\u017anych, ropniach, liszajach, chorobach alergicznych, dusznicy bolesnej, padaczce, chorobach wenerycznych, zapaleniu przydatk\u00f3w (jajnik\u00f3w, jajowod\u00f3w), zapaleniu narz\u0105d\u00f3w p\u0142ciowych u m\u0119\u017cczyzn i kobiet, przewlek\u0142ych dermatoz, nowotwor\u00f3w, przewlek\u0142ego kataru, stan\u00f3w zapalnych oczu, przewlek\u0142ych stan\u00f3w zapalnych w\u0105troby. Nano z\u0142oto hamuje fagocytoz\u0119, procesy autoagresji, objawy chor\u00f3b autoimmunologicznych &#8211; tocznia, \u0142uszczycy, bielactwa, kolagenoz, przewlek\u0142ych wyprysk\u00f3w. Spowalnia opad krwinek &#8211; OB. Nano z\u0142oto dzia\u0142a przeciwzapalnie. Likwiduje objawy przewlek\u0142ych chor\u00f3b alergicznych. Nano-z\u0142oto wykazuje silny wp\u0142yw przeciwtr\u0105dzikowy.<\/p><p>Nanocz\u0105steczki z\u0142ota, kt\u00f3re s\u0105 w stanie wykry\u0107 i dotrze\u0107 do kom\u00f3rek nowotworowych, niszcz\u0105c je, pozostawiaj\u0105c kom\u00f3rki zdrowe nietkni\u0119te. Nano Z\u0142oto swoj\u0105 skuteczno\u015b\u0107 zawdzi\u0119czaj\u0105 bardzzzzo ma\u0142ej wielko\u015bci, wyra\u017conej w nanometrach oraz technologii wytworzenia. Z bada\u0144 przeprowadzonych na \u015bwiecie wynika, \u017ce nanocz\u0105stki z\u0142ota w kontakcie z naszym DNA regeneruj\u0105 i naprawiaj\u0105 wi\u0105zania podw\u00f3jnej helisy, czyli cz\u0105stki nanoz\u0142ota przyczyniaj\u0105 si\u0119 do naprawy uszkodze\u0144 ludzkiego DNA, mog\u0105cych by\u0107 skutkiem radio- i chemioterapii, promieniowania UV, RTG, GAMMA, dzia\u0142ania wysokiej temperatury, a tak\u017ce dzia\u0142alno\u015bci wirus\u00f3w i dzia\u0142ania toksyn (np. ro\u015blinnych, oraz dostarczanych wraz z dymem papierosowym).<\/p><p>Terapia z\u0142otem stabilizuje poziom kolagenu, hamuje lub uwalnia aktywno\u015b\u0107 niekt\u00f3rych enzym\u00f3w, korzystnie wp\u0142ywa na sprawno\u015b\u0107 organ\u00f3w wewn\u0119trznych, czynno\u015bci m\u00f3zgu, wspomaga uk\u0142ad pokarmowy, reguluje temperatur\u0119 cia\u0142a. Nanoz\u0142oto ma w\u0142a\u015bciwo\u015bci usprawniaj\u0105ce gruczo\u0142y i stymuluj\u0105ce nerwy. Nanoz\u0142oto nie kumuluje si\u0119 w organizmie, zostaje wydalone wraz z potem, moczem i ka\u0142em.<\/p>\t\t\t\t\t<\/div>\n\t\t\t\t\t\t<\/div>\n\t\t\t\t<\/div>\n\t\t\t\t<div class=\"elementor-element elementor-element-5ff0e28 elementor-widget elementor-widget-text-editor\" data-id=\"5ff0e28\" data-element_type=\"widget\" data-widget_type=\"text-editor.default\">\n\t\t\t\t<div class=\"elementor-widget-container\">\n\t\t\t\t\t\t\t\t<div class=\"elementor-text-editor elementor-clearfix\">\n\t\t\t\t<p><em>WA\u017bNA INFORMACJA: Opis w\u0142a\u015bciwo\u015bci preparatu zawarty w niniejszym opracowaniu ma charakter wy\u0142\u0105cznie informacyjny zosta\u0142 pozyskany z opracowa\u0144 naukowych bada\u0144 klinicznych oraz eksperyment\u00f3w naukowych.Produkt nie jest lekiem! Ze wzgl\u0119d\u00f3w prawnych nie mo\u017ce by\u0107 stosowany w Polsce jako suplement diety i jako produkt spo\u017cywczy. Zastosowanie produktu z wy\u017cej wymienionych powod\u00f3w zale\u017cy tylko i wy\u0142\u0105cznie od inwencji kupuj\u0105cego.<\/em><\/p>\t\t\t\t\t<\/div>\n\t\t\t\t\t\t<\/div>\n\t\t\t\t<\/div>\n\t\t\t\t\t\t<\/div>\n\t\t\t\t\t<\/div>\n\t\t<\/div>\n\t\t\t\t\t\t\t\t<\/div>\n\t\t\t\t\t<\/div>\n\t\t<\/section>\n\t\t\t\t\t\t<\/div>\n\t\t\t\t\t\t<\/div>\n\t\t\t\t\t<\/div>\n\t\t","protected":false},"excerpt":{"rendered":"<p>Nano Z\u0142oto [1 litr] Cena: 220,00 PLN netto (270 PLN brutto) cz\u0105steczki z\u0142ota (Au) i H20 wielko\u015b\u0107 cz\u0105steczki do 18 nm st\u0119\u017cenie : 25 ppm produkt wa\u017cny przez okres 3 lat od daty produkcji Wsp\u00f3\u0142cze\u015bnie zaleca si\u0119 stosowanie preparat\u00f3w ze z\u0142otem w razie chor\u00f3b reumatycznych odpornych na inne leki: artretyzm, reumatoidalne zapalenie staw\u00f3w, \u0142uszczycowe zapalenie [&hellip;]<\/p>\n","protected":false},"author":1,"featured_media":0,"parent":0,"menu_order":0,"comment_status":"closed","ping_status":"closed","template":"","meta":[],"_links":{"self":[{"href":"https:\/\/nanobestworld.pl\/index.php\/wp-json\/wp\/v2\/pages\/493"}],"collection":[{"href":"https:\/\/nanobestworld.pl\/index.php\/wp-json\/wp\/v2\/pages"}],"about":[{"href":"https:\/\/nanobestworld.pl\/index.php\/wp-json\/wp\/v2\/types\/page"}],"author":[{"embeddable":true,"href":"https:\/\/nanobestworld.pl\/index.php\/wp-json\/wp\/v2\/users\/1"}],"replies":[{"embeddable":true,"href":"https:\/\/nanobestworld.pl\/index.php\/wp-json\/wp\/v2\/comments?post=493"}],"version-history":[{"count":13,"href":"https:\/\/nanobestworld.pl\/index.php\/wp-json\/wp\/v2\/pages\/493\/revisions"}],"predecessor-version":[{"id":532,"href":"https:\/\/nanobestworld.pl\/index.php\/wp-json\/wp\/v2\/pages\/493\/revisions\/532"}],"wp:attachment":[{"href":"https:\/\/nanobestworld.pl\/index.php\/wp-json\/wp\/v2\/media?parent=493"}],"curies":[{"name":"wp","href":"https:\/\/api.w.org\/{rel}","templated":true}]}}