{"id":495,"date":"2021-11-03T15:25:26","date_gmt":"2021-11-03T14:25:26","guid":{"rendered":"http:\/\/nano.bestoffice.nazwa.pl\/?page_id=495"},"modified":"2021-11-04T09:27:42","modified_gmt":"2021-11-04T08:27:42","slug":"nano-srebro","status":"publish","type":"page","link":"https:\/\/nanobestworld.pl\/index.php\/nano-srebro\/","title":{"rendered":"Nano Srebro"},"content":{"rendered":"\t\t<div data-elementor-type=\"wp-page\" data-elementor-id=\"495\" class=\"elementor elementor-495\" data-elementor-settings=\"[]\">\n\t\t\t\t\t\t<div class=\"elementor-inner\">\n\t\t\t\t\t\t\t<div class=\"elementor-section-wrap\">\n\t\t\t\t\t\t\t<section class=\"elementor-section elementor-top-section elementor-element elementor-element-cfd009d elementor-section-boxed elementor-section-height-default elementor-section-height-default\" data-id=\"cfd009d\" data-element_type=\"section\">\n\t\t\t\t\t\t<div class=\"elementor-container elementor-column-gap-default\">\n\t\t\t\t\t\t\t<div class=\"elementor-row\">\n\t\t\t\t\t<div class=\"elementor-column elementor-col-50 elementor-top-column elementor-element elementor-element-d1bd687\" data-id=\"d1bd687\" data-element_type=\"column\">\n\t\t\t<div class=\"elementor-column-wrap elementor-element-populated\">\n\t\t\t\t\t\t\t<div class=\"elementor-widget-wrap\">\n\t\t\t\t\t\t<div class=\"elementor-element elementor-element-2d09846 elementor-widget elementor-widget-heading\" data-id=\"2d09846\" data-element_type=\"widget\" data-widget_type=\"heading.default\">\n\t\t\t\t<div class=\"elementor-widget-container\">\n\t\t\t<h2 class=\"elementor-heading-title elementor-size-default\">Nano Srebro [1 litr]<\/h2>\t\t<\/div>\n\t\t\t\t<\/div>\n\t\t\t\t<div class=\"elementor-element elementor-element-2da75da elementor-widget elementor-widget-text-editor\" data-id=\"2da75da\" data-element_type=\"widget\" data-widget_type=\"text-editor.default\">\n\t\t\t\t<div class=\"elementor-widget-container\">\n\t\t\t\t\t\t\t\t<div class=\"elementor-text-editor elementor-clearfix\">\n\t\t\t\tCena: 110,00 PLN netto (135,30 PLN brutto)\t\t\t\t\t<\/div>\n\t\t\t\t\t\t<\/div>\n\t\t\t\t<\/div>\n\t\t\t\t<div class=\"elementor-element elementor-element-9933313 elementor-tablet-align-center elementor-icon-list--layout-traditional elementor-list-item-link-full_width elementor-widget elementor-widget-icon-list\" data-id=\"9933313\" data-element_type=\"widget\" data-widget_type=\"icon-list.default\">\n\t\t\t\t<div class=\"elementor-widget-container\">\n\t\t\t\t\t<ul class=\"elementor-icon-list-items\">\n\t\t\t\t\t\t\t<li class=\"elementor-icon-list-item\">\n\t\t\t\t\t\t\t\t\t\t\t<span class=\"elementor-icon-list-icon\">\n\t\t\t\t\t\t\t<i aria-hidden=\"true\" class=\"far fa-dot-circle\"><\/i>\t\t\t\t\t\t<\/span>\n\t\t\t\t\t\t\t\t\t\t<span class=\"elementor-icon-list-text\">cz\u0105steczki srebra (Ag) i H2O<\/span>\n\t\t\t\t\t\t\t\t\t<\/li>\n\t\t\t\t\t\t\t\t<li class=\"elementor-icon-list-item\">\n\t\t\t\t\t\t\t\t\t\t\t<span class=\"elementor-icon-list-icon\">\n\t\t\t\t\t\t\t<i aria-hidden=\"true\" class=\"far fa-dot-circle\"><\/i>\t\t\t\t\t\t<\/span>\n\t\t\t\t\t\t\t\t\t\t<span class=\"elementor-icon-list-text\"> wielko\u015b\u0107 cz\u0105steczki 6-12nm<\/span>\n\t\t\t\t\t\t\t\t\t<\/li>\n\t\t\t\t\t\t\t\t<li class=\"elementor-icon-list-item\">\n\t\t\t\t\t\t\t\t\t\t\t<span class=\"elementor-icon-list-icon\">\n\t\t\t\t\t\t\t<i aria-hidden=\"true\" class=\"far fa-dot-circle\"><\/i>\t\t\t\t\t\t<\/span>\n\t\t\t\t\t\t\t\t\t\t<span class=\"elementor-icon-list-text\"> st\u0119\u017cenie: 250 ppm<\/span>\n\t\t\t\t\t\t\t\t\t<\/li>\n\t\t\t\t\t\t\t\t<li class=\"elementor-icon-list-item\">\n\t\t\t\t\t\t\t\t\t\t\t<span class=\"elementor-icon-list-icon\">\n\t\t\t\t\t\t\t<i aria-hidden=\"true\" class=\"far fa-dot-circle\"><\/i>\t\t\t\t\t\t<\/span>\n\t\t\t\t\t\t\t\t\t\t<span class=\"elementor-icon-list-text\"> produkt wa\u017cny przez okres 3 lat od daty produkcji<\/span>\n\t\t\t\t\t\t\t\t\t<\/li>\n\t\t\t\t\t\t<\/ul>\n\t\t\t\t<\/div>\n\t\t\t\t<\/div>\n\t\t\t\t\t\t<\/div>\n\t\t\t\t\t<\/div>\n\t\t<\/div>\n\t\t\t\t<div class=\"elementor-column elementor-col-50 elementor-top-column elementor-element elementor-element-d70348c\" data-id=\"d70348c\" data-element_type=\"column\">\n\t\t\t<div class=\"elementor-column-wrap elementor-element-populated\">\n\t\t\t\t\t\t\t<div class=\"elementor-widget-wrap\">\n\t\t\t\t\t\t<div class=\"elementor-element elementor-element-d937572 elementor-widget elementor-widget-image\" data-id=\"d937572\" data-element_type=\"widget\" data-widget_type=\"image.default\">\n\t\t\t\t<div class=\"elementor-widget-container\">\n\t\t\t\t\t\t\t\t<div class=\"elementor-image\">\n\t\t\t\t\t\t\t\t\t\t\t\t<img width=\"187\" height=\"260\" src=\"https:\/\/nanobestworld.pl\/wp-content\/uploads\/2021\/11\/xsrebro.jpg.pagespeed.ic_.zi3HgeP99o.webp\" class=\"attachment-full size-full\" alt=\"\" loading=\"lazy\" \/>\t\t\t\t\t\t\t\t\t\t\t\t\t\t<\/div>\n\t\t\t\t\t\t<\/div>\n\t\t\t\t<\/div>\n\t\t\t\t\t\t<\/div>\n\t\t\t\t\t<\/div>\n\t\t<\/div>\n\t\t\t\t\t\t\t\t<\/div>\n\t\t\t\t\t<\/div>\n\t\t<\/section>\n\t\t\t\t<section class=\"elementor-section elementor-top-section elementor-element elementor-element-20854ac elementor-section-boxed elementor-section-height-default elementor-section-height-default\" data-id=\"20854ac\" data-element_type=\"section\">\n\t\t\t\t\t\t<div class=\"elementor-container elementor-column-gap-default\">\n\t\t\t\t\t\t\t<div class=\"elementor-row\">\n\t\t\t\t\t<div class=\"elementor-column elementor-col-100 elementor-top-column elementor-element elementor-element-ef83e19\" data-id=\"ef83e19\" data-element_type=\"column\">\n\t\t\t<div class=\"elementor-column-wrap elementor-element-populated\">\n\t\t\t\t\t\t\t<div class=\"elementor-widget-wrap\">\n\t\t\t\t\t\t<div class=\"elementor-element elementor-element-cc2ff1d elementor-widget elementor-widget-text-editor\" data-id=\"cc2ff1d\" data-element_type=\"widget\" data-widget_type=\"text-editor.default\">\n\t\t\t\t<div class=\"elementor-widget-container\">\n\t\t\t\t\t\t\t\t<div class=\"elementor-text-editor elementor-clearfix\">\n\t\t\t\tNano srebro zwane naturalnym antybiotykiem.Zabija 650 szczep\u00f3w bakterii. Unikalne w\u0142a\u015bciwo\u015bci nano srebra sprawiaj\u0105, \u017ce chorobotw\u00f3rcze mikroorganizmy nie potrafi\u0105 rozwin\u0105\u0107 odporno\u015bci na dzia\u0142anie cz\u0105steczek srebra, tak jak dzieje si\u0119 to w przypadku antybiotyku. W przeciwie\u0144stwie do antybiotyk\u00f3w nano srebro nie niszczy dobroczynnej flory bakteryjnej. Nie stwierdzono aby chorobotw\u00f3rcze mikroorganizmy uodporni\u0142y si\u0119 na jego dzia\u0142anie. Nano srebro wspomaga leczenie przezi\u0119bie\u0144, kataru, kaszlu, grypy, anginy, zapalenia gard\u0142a, zatok, oskrzeli, p\u0142uc i innych infekcji bakteryjnych.\n\nNano srebro nie kumuluje si\u0119 w organizmie i zostaje wydalone wraz z potem, moczem i ka\u0142em.\t\t\t\t\t<\/div>\n\t\t\t\t\t\t<\/div>\n\t\t\t\t<\/div>\n\t\t\t\t<div class=\"elementor-element elementor-element-0fa569f elementor-widget elementor-widget-text-editor\" data-id=\"0fa569f\" data-element_type=\"widget\" data-widget_type=\"text-editor.default\">\n\t\t\t\t<div class=\"elementor-widget-container\">\n\t\t\t\t\t\t\t\t<div class=\"elementor-text-editor elementor-clearfix\">\n\t\t\t\t<p><em>WA\u017bNA INFORMACJA: Opis w\u0142a\u015bciwo\u015bci preparatu zawarty w niniejszym opracowaniu ma charakter wy\u0142\u0105cznie informacyjny zosta\u0142 pozyskany z opracowa\u0144 naukowych bada\u0144 klinicznych oraz eksperyment\u00f3w naukowych.Produkt nie jest lekiem! Ze wzgl\u0119d\u00f3w prawnych nie mo\u017ce by\u0107 stosowany w Polsce jako suplement diety i jako produkt spo\u017cywczy. Zastosowanie produktu z wy\u017cej wymienionych powod\u00f3w zale\u017cy tylko i wy\u0142\u0105cznie od inwencji kupuj\u0105cego.<\/em><\/p>\t\t\t\t\t<\/div>\n\t\t\t\t\t\t<\/div>\n\t\t\t\t<\/div>\n\t\t\t\t\t\t<\/div>\n\t\t\t\t\t<\/div>\n\t\t<\/div>\n\t\t\t\t\t\t\t\t<\/div>\n\t\t\t\t\t<\/div>\n\t\t<\/section>\n\t\t\t\t\t\t<\/div>\n\t\t\t\t\t\t<\/div>\n\t\t\t\t\t<\/div>\n\t\t","protected":false},"excerpt":{"rendered":"<p>Nano Srebro [1 litr] Cena: 110,00 PLN netto (135,30 PLN brutto) cz\u0105steczki srebra (Ag) i H2O wielko\u015b\u0107 cz\u0105steczki 6-12nm st\u0119\u017cenie: 250 ppm produkt wa\u017cny przez okres 3 lat od daty produkcji Nano srebro zwane naturalnym antybiotykiem.Zabija 650 szczep\u00f3w bakterii. Unikalne w\u0142a\u015bciwo\u015bci nano srebra sprawiaj\u0105, \u017ce chorobotw\u00f3rcze mikroorganizmy nie potrafi\u0105 rozwin\u0105\u0107 odporno\u015bci na dzia\u0142anie cz\u0105steczek srebra, [&hellip;]<\/p>\n","protected":false},"author":1,"featured_media":0,"parent":0,"menu_order":0,"comment_status":"closed","ping_status":"closed","template":"","meta":[],"_links":{"self":[{"href":"https:\/\/nanobestworld.pl\/index.php\/wp-json\/wp\/v2\/pages\/495"}],"collection":[{"href":"https:\/\/nanobestworld.pl\/index.php\/wp-json\/wp\/v2\/pages"}],"about":[{"href":"https:\/\/nanobestworld.pl\/index.php\/wp-json\/wp\/v2\/types\/page"}],"author":[{"embeddable":true,"href":"https:\/\/nanobestworld.pl\/index.php\/wp-json\/wp\/v2\/users\/1"}],"replies":[{"embeddable":true,"href":"https:\/\/nanobestworld.pl\/index.php\/wp-json\/wp\/v2\/comments?post=495"}],"version-history":[{"count":7,"href":"https:\/\/nanobestworld.pl\/index.php\/wp-json\/wp\/v2\/pages\/495\/revisions"}],"predecessor-version":[{"id":536,"href":"https:\/\/nanobestworld.pl\/index.php\/wp-json\/wp\/v2\/pages\/495\/revisions\/536"}],"wp:attachment":[{"href":"https:\/\/nanobestworld.pl\/index.php\/wp-json\/wp\/v2\/media?parent=495"}],"curies":[{"name":"wp","href":"https:\/\/api.w.org\/{rel}","templated":true}]}}