{"id":499,"date":"2021-11-03T15:26:41","date_gmt":"2021-11-03T14:26:41","guid":{"rendered":"http:\/\/nano.bestoffice.nazwa.pl\/?page_id=499"},"modified":"2021-11-04T09:34:52","modified_gmt":"2021-11-04T08:34:52","slug":"nano-zloto-z-witamina-c","status":"publish","type":"page","link":"https:\/\/nanobestworld.pl\/index.php\/nano-zloto-z-witamina-c\/","title":{"rendered":"Nano Z\u0142oto z Witamin\u0105 C"},"content":{"rendered":"\t\t<div data-elementor-type=\"wp-page\" data-elementor-id=\"499\" class=\"elementor elementor-499\" data-elementor-settings=\"[]\">\n\t\t\t\t\t\t<div class=\"elementor-inner\">\n\t\t\t\t\t\t\t<div class=\"elementor-section-wrap\">\n\t\t\t\t\t\t\t<section class=\"elementor-section elementor-top-section elementor-element elementor-element-898cde5 elementor-section-boxed elementor-section-height-default elementor-section-height-default\" data-id=\"898cde5\" data-element_type=\"section\">\n\t\t\t\t\t\t<div class=\"elementor-container elementor-column-gap-default\">\n\t\t\t\t\t\t\t<div class=\"elementor-row\">\n\t\t\t\t\t<div class=\"elementor-column elementor-col-50 elementor-top-column elementor-element elementor-element-b1593c7\" data-id=\"b1593c7\" data-element_type=\"column\">\n\t\t\t<div class=\"elementor-column-wrap elementor-element-populated\">\n\t\t\t\t\t\t\t<div class=\"elementor-widget-wrap\">\n\t\t\t\t\t\t<div class=\"elementor-element elementor-element-83098b7 elementor-widget elementor-widget-heading\" data-id=\"83098b7\" data-element_type=\"widget\" data-widget_type=\"heading.default\">\n\t\t\t\t<div class=\"elementor-widget-container\">\n\t\t\t<h2 class=\"elementor-heading-title elementor-size-default\">Nano Z\u0142oto z Witamin\u0105 C [1 litr]<\/h2>\t\t<\/div>\n\t\t\t\t<\/div>\n\t\t\t\t<div class=\"elementor-element elementor-element-f95b719 elementor-widget elementor-widget-text-editor\" data-id=\"f95b719\" data-element_type=\"widget\" data-widget_type=\"text-editor.default\">\n\t\t\t\t<div class=\"elementor-widget-container\">\n\t\t\t\t\t\t\t\t<div class=\"elementor-text-editor elementor-clearfix\">\n\t\t\t\tCena: 240,00 PLN netto (295,20 PLN brutto)\t\t\t\t\t<\/div>\n\t\t\t\t\t\t<\/div>\n\t\t\t\t<\/div>\n\t\t\t\t<div class=\"elementor-element elementor-element-092b7ee elementor-tablet-align-center elementor-icon-list--layout-traditional elementor-list-item-link-full_width elementor-widget elementor-widget-icon-list\" data-id=\"092b7ee\" data-element_type=\"widget\" data-widget_type=\"icon-list.default\">\n\t\t\t\t<div class=\"elementor-widget-container\">\n\t\t\t\t\t<ul class=\"elementor-icon-list-items\">\n\t\t\t\t\t\t\t<li class=\"elementor-icon-list-item\">\n\t\t\t\t\t\t\t\t\t\t\t<span class=\"elementor-icon-list-icon\">\n\t\t\t\t\t\t\t<i aria-hidden=\"true\" class=\"far fa-dot-circle\"><\/i>\t\t\t\t\t\t<\/span>\n\t\t\t\t\t\t\t\t\t\t<span class=\"elementor-icon-list-text\">cz\u0105steczki z\u0142ota (Au) i H2O <\/span>\n\t\t\t\t\t\t\t\t\t<\/li>\n\t\t\t\t\t\t\t\t<li class=\"elementor-icon-list-item\">\n\t\t\t\t\t\t\t\t\t\t\t<span class=\"elementor-icon-list-icon\">\n\t\t\t\t\t\t\t<i aria-hidden=\"true\" class=\"far fa-dot-circle\"><\/i>\t\t\t\t\t\t<\/span>\n\t\t\t\t\t\t\t\t\t\t<span class=\"elementor-icon-list-text\"> wielko\u015b\u0107 cz\u0105steczki do 18 nm<\/span>\n\t\t\t\t\t\t\t\t\t<\/li>\n\t\t\t\t\t\t\t\t<li class=\"elementor-icon-list-item\">\n\t\t\t\t\t\t\t\t\t\t\t<span class=\"elementor-icon-list-icon\">\n\t\t\t\t\t\t\t<i aria-hidden=\"true\" class=\"far fa-dot-circle\"><\/i>\t\t\t\t\t\t<\/span>\n\t\t\t\t\t\t\t\t\t\t<span class=\"elementor-icon-list-text\"> witamina C: 1000 mg \/ 1 litr<\/span>\n\t\t\t\t\t\t\t\t\t<\/li>\n\t\t\t\t\t\t\t\t<li class=\"elementor-icon-list-item\">\n\t\t\t\t\t\t\t\t\t\t\t<span class=\"elementor-icon-list-icon\">\n\t\t\t\t\t\t\t<i aria-hidden=\"true\" class=\"far fa-dot-circle\"><\/i>\t\t\t\t\t\t<\/span>\n\t\t\t\t\t\t\t\t\t\t<span class=\"elementor-icon-list-text\"> st\u0119\u017cenie : 25 ppm <\/span>\n\t\t\t\t\t\t\t\t\t<\/li>\n\t\t\t\t\t\t\t\t<li class=\"elementor-icon-list-item\">\n\t\t\t\t\t\t\t\t\t\t\t<span class=\"elementor-icon-list-icon\">\n\t\t\t\t\t\t\t<i aria-hidden=\"true\" class=\"far fa-dot-circle\"><\/i>\t\t\t\t\t\t<\/span>\n\t\t\t\t\t\t\t\t\t\t<span class=\"elementor-icon-list-text\"> produkt wa\u017cny przez okres 3 lat od daty produkcji<\/span>\n\t\t\t\t\t\t\t\t\t<\/li>\n\t\t\t\t\t\t<\/ul>\n\t\t\t\t<\/div>\n\t\t\t\t<\/div>\n\t\t\t\t\t\t<\/div>\n\t\t\t\t\t<\/div>\n\t\t<\/div>\n\t\t\t\t<div class=\"elementor-column elementor-col-50 elementor-top-column elementor-element elementor-element-abceecb\" data-id=\"abceecb\" data-element_type=\"column\">\n\t\t\t<div class=\"elementor-column-wrap elementor-element-populated\">\n\t\t\t\t\t\t\t<div class=\"elementor-widget-wrap\">\n\t\t\t\t\t\t<div class=\"elementor-element elementor-element-a813be1 elementor-widget elementor-widget-image\" data-id=\"a813be1\" data-element_type=\"widget\" data-widget_type=\"image.default\">\n\t\t\t\t<div class=\"elementor-widget-container\">\n\t\t\t\t\t\t\t\t<div class=\"elementor-image\">\n\t\t\t\t\t\t\t\t\t\t\t\t<img width=\"187\" height=\"260\" src=\"https:\/\/nanobestworld.pl\/wp-content\/uploads\/2021\/11\/xzloto_witamina_c.jpg.pagespeed.ic_.mlrh3D9q_3.webp\" class=\"attachment-full size-full\" alt=\"\" loading=\"lazy\" \/>\t\t\t\t\t\t\t\t\t\t\t\t\t\t<\/div>\n\t\t\t\t\t\t<\/div>\n\t\t\t\t<\/div>\n\t\t\t\t\t\t<\/div>\n\t\t\t\t\t<\/div>\n\t\t<\/div>\n\t\t\t\t\t\t\t\t<\/div>\n\t\t\t\t\t<\/div>\n\t\t<\/section>\n\t\t\t\t<section class=\"elementor-section elementor-top-section elementor-element elementor-element-8bb379c elementor-section-boxed elementor-section-height-default elementor-section-height-default\" data-id=\"8bb379c\" data-element_type=\"section\">\n\t\t\t\t\t\t<div class=\"elementor-container elementor-column-gap-default\">\n\t\t\t\t\t\t\t<div class=\"elementor-row\">\n\t\t\t\t\t<div class=\"elementor-column elementor-col-100 elementor-top-column elementor-element elementor-element-ccb1bc8\" data-id=\"ccb1bc8\" data-element_type=\"column\">\n\t\t\t<div class=\"elementor-column-wrap elementor-element-populated\">\n\t\t\t\t\t\t\t<div class=\"elementor-widget-wrap\">\n\t\t\t\t\t\t<div class=\"elementor-element elementor-element-5fe8523 elementor-widget elementor-widget-text-editor\" data-id=\"5fe8523\" data-element_type=\"widget\" data-widget_type=\"text-editor.default\">\n\t\t\t\t<div class=\"elementor-widget-container\">\n\t\t\t\t\t\t\t\t<div class=\"elementor-text-editor elementor-clearfix\">\n\t\t\t\t<p>Nano z\u0142oto z witamin\u0105 C jest to preparat \u0142\u0105cz\u0105cy nano z\u0142oto (opis powy\u017cej) z witamin\u0105 C (kwas askorbinowy lub dehydroaskorbinowy).<\/p><p>Witamina C ma ogromne znaczenie dla organizmu. Przede wszystkim wp\u0142ywa na wytwarzanie i zachowywanie kolagenu, z kt\u00f3rego jest produkowana tkanka \u0142\u0105czna. Nazwa tej tkanki pochodzi od roli, jak\u0105 odgrywa ona w naszym organizmie, gdy\u017c \u0142\u0105czy r\u00f3\u017cne kom\u00f3rki, ma wp\u0142yw na zachowywanie przez nie kszta\u0142tu i sprawne funkcjonowanie. Kolagen znajduje si\u0119 w ko\u015bciach (tak\u017ce w kr\u0119gach kr\u0119gos\u0142upa), rog\u00f3wce oka, z\u0119bach, \u015bci\u0119gnach, mi\u0119\u015bniach, stawach, sk\u00f3rze i naczyniach krwiono\u015bnych. Obecno\u015b\u0107 kolagenu, a wi\u0119c po\u015brednio witaminy C, u\u0142atwia gojenie si\u0119 ran, z\u0142ama\u0144, hamuje tworzenie si\u0119 si\u0144c\u00f3w, powstawanie krwotok\u00f3w i krwawie\u0144 dzi\u0105se\u0142. Dzi\u0119ki niej zdrowe kom\u00f3rki staj\u0105 si\u0119 odporne na zaka\u017cenia i uszkodzenia.<\/p><p>Witamina C aktywizuje nasz system immunologiczny, czyli pobudza wzrost i sprawno\u015b\u0107 kom\u00f3rek odporno\u015bciowych typu T i B oraz innych bia\u0142ych cia\u0142ek krwi, kt\u00f3re zwalczaj\u0105 atakuj\u0105ce nas mikroorganizmy. Wzrasta wtedy r\u00f3wnie\u017c ilo\u015b\u0107 interferonu, kt\u00f3ry reguluje system immunologiczny i ma dzia\u0142anie antywirusowe. Zwi\u0105zek ten, powsta\u0142y pod wp\u0142ywem wirusa w monocytach znajduj\u0105cych si\u0119 we krwi, wydostaje si\u0119 z nich i hamuje rozw\u00f3j wirusa w innych kom\u00f3rkach.<\/p><p>Powa\u017cny i d\u0142ugotrwa\u0142y niedob\u00f3r tej witaminy &#8211; wywo\u0142uje chorob\u0119 zwan\u0105 szkorbutem, kt\u00f3ra powoduje zaburzenia przemiany bia\u0142kowej, w\u0119glowodanowej, t\u0142uszczowej i syntezy steroid\u00f3w. Objawia si\u0119 m.in. sk\u0142onno\u015bci\u0105 do samoistnych krwawie\u0144, uszkodze\u0144 naczy\u0144 krwiono\u015bnych, powstawania krwawych wybroczyn pod sk\u00f3r\u0105. Charakterystyczne jest z\u0142e gojenie si\u0119, a nawet odnawianie si\u0119 zagojonych ran. Nast\u0119puje rozpulchnienie dzi\u0105se\u0142, niekorzystne zmiany w z\u0119bach (np. zgorzel). Chory odczuwa bolesno\u015b\u0107 staw\u00f3w i mi\u0119\u015bni, obrz\u0119ki ko\u0144czyn, os\u0142abienie, utrat\u0119 apetytu oraz obni\u017cenie wydolno\u015bci fizycznej. Objawom tym towarzyszy depresja. U os\u00f3b zaatakowanych przez szkorbut stwierdza si\u0119 tzw. osteoporoz\u0119 niedobarwliw\u0105, a tak\u017ce zaburzenia endokrynologiczne (nadczynno\u015b\u0107 gruczo\u0142u tarczowego) i neurologiczne (parestezje). Cz\u0119stym i gro\u017anym powik\u0142aniem tego stanu s\u0105 wt\u00f3rne infekcje. U ma\u0142ych dzieci, szczeg\u00f3lnie sztucznie od\u017cywianych, choroba ta ma z regu\u0142y ci\u0119\u017cszy przebieg ni\u017c u doros\u0142ych (pojawia si\u0119 gnilec, czyli choroba Moellera i Barlowa).<\/p>\t\t\t\t\t<\/div>\n\t\t\t\t\t\t<\/div>\n\t\t\t\t<\/div>\n\t\t\t\t<div class=\"elementor-element elementor-element-b420584 elementor-widget elementor-widget-text-editor\" data-id=\"b420584\" data-element_type=\"widget\" data-widget_type=\"text-editor.default\">\n\t\t\t\t<div class=\"elementor-widget-container\">\n\t\t\t\t\t\t\t\t<div class=\"elementor-text-editor elementor-clearfix\">\n\t\t\t\t<p><em>WA\u017bNA INFORMACJA: Opis w\u0142a\u015bciwo\u015bci preparatu zawarty w niniejszym opracowaniu ma charakter wy\u0142\u0105cznie informacyjny zosta\u0142 pozyskany z opracowa\u0144 naukowych bada\u0144 klinicznych oraz eksperyment\u00f3w naukowych.Produkt nie jest lekiem! Ze wzgl\u0119d\u00f3w prawnych nie mo\u017ce by\u0107 stosowany w Polsce jako suplement diety i jako produkt spo\u017cywczy. Zastosowanie produktu z wy\u017cej wymienionych powod\u00f3w zale\u017cy tylko i wy\u0142\u0105cznie od inwencji kupuj\u0105cego.<\/em><\/p>\t\t\t\t\t<\/div>\n\t\t\t\t\t\t<\/div>\n\t\t\t\t<\/div>\n\t\t\t\t\t\t<\/div>\n\t\t\t\t\t<\/div>\n\t\t<\/div>\n\t\t\t\t\t\t\t\t<\/div>\n\t\t\t\t\t<\/div>\n\t\t<\/section>\n\t\t\t\t\t\t<\/div>\n\t\t\t\t\t\t<\/div>\n\t\t\t\t\t<\/div>\n\t\t","protected":false},"excerpt":{"rendered":"<p>Nano Z\u0142oto z Witamin\u0105 C [1 litr] Cena: 240,00 PLN netto (295,20 PLN brutto) cz\u0105steczki z\u0142ota (Au) i H2O wielko\u015b\u0107 cz\u0105steczki do 18 nm witamina C: 1000 mg \/ 1 litr st\u0119\u017cenie : 25 ppm produkt wa\u017cny przez okres 3 lat od daty produkcji Nano z\u0142oto z witamin\u0105 C jest to preparat \u0142\u0105cz\u0105cy nano z\u0142oto [&hellip;]<\/p>\n","protected":false},"author":1,"featured_media":0,"parent":0,"menu_order":0,"comment_status":"closed","ping_status":"closed","template":"","meta":[],"_links":{"self":[{"href":"https:\/\/nanobestworld.pl\/index.php\/wp-json\/wp\/v2\/pages\/499"}],"collection":[{"href":"https:\/\/nanobestworld.pl\/index.php\/wp-json\/wp\/v2\/pages"}],"about":[{"href":"https:\/\/nanobestworld.pl\/index.php\/wp-json\/wp\/v2\/types\/page"}],"author":[{"embeddable":true,"href":"https:\/\/nanobestworld.pl\/index.php\/wp-json\/wp\/v2\/users\/1"}],"replies":[{"embeddable":true,"href":"https:\/\/nanobestworld.pl\/index.php\/wp-json\/wp\/v2\/comments?post=499"}],"version-history":[{"count":10,"href":"https:\/\/nanobestworld.pl\/index.php\/wp-json\/wp\/v2\/pages\/499\/revisions"}],"predecessor-version":[{"id":553,"href":"https:\/\/nanobestworld.pl\/index.php\/wp-json\/wp\/v2\/pages\/499\/revisions\/553"}],"wp:attachment":[{"href":"https:\/\/nanobestworld.pl\/index.php\/wp-json\/wp\/v2\/media?parent=499"}],"curies":[{"name":"wp","href":"https:\/\/api.w.org\/{rel}","templated":true}]}}