{"id":501,"date":"2021-11-03T15:26:59","date_gmt":"2021-11-03T14:26:59","guid":{"rendered":"http:\/\/nano.bestoffice.nazwa.pl\/?page_id=501"},"modified":"2021-11-04T09:37:41","modified_gmt":"2021-11-04T08:37:41","slug":"nano-srebro-z-krzemionka","status":"publish","type":"page","link":"https:\/\/nanobestworld.pl\/index.php\/nano-srebro-z-krzemionka\/","title":{"rendered":"Nano Srebro + krzemionka"},"content":{"rendered":"\t\t<div data-elementor-type=\"wp-page\" data-elementor-id=\"501\" class=\"elementor elementor-501\" data-elementor-settings=\"[]\">\n\t\t\t\t\t\t<div class=\"elementor-inner\">\n\t\t\t\t\t\t\t<div class=\"elementor-section-wrap\">\n\t\t\t\t\t\t\t<section class=\"elementor-section elementor-top-section elementor-element elementor-element-bc430a7 elementor-section-boxed elementor-section-height-default elementor-section-height-default\" data-id=\"bc430a7\" data-element_type=\"section\">\n\t\t\t\t\t\t<div class=\"elementor-container elementor-column-gap-default\">\n\t\t\t\t\t\t\t<div class=\"elementor-row\">\n\t\t\t\t\t<div class=\"elementor-column elementor-col-50 elementor-top-column elementor-element elementor-element-6b6e94b\" data-id=\"6b6e94b\" data-element_type=\"column\">\n\t\t\t<div class=\"elementor-column-wrap elementor-element-populated\">\n\t\t\t\t\t\t\t<div class=\"elementor-widget-wrap\">\n\t\t\t\t\t\t<div class=\"elementor-element elementor-element-8b9634b elementor-widget elementor-widget-heading\" data-id=\"8b9634b\" data-element_type=\"widget\" data-widget_type=\"heading.default\">\n\t\t\t\t<div class=\"elementor-widget-container\">\n\t\t\t<h2 class=\"elementor-heading-title elementor-size-default\">Nano Srebro + Krzemionka [1 litr]<\/h2>\t\t<\/div>\n\t\t\t\t<\/div>\n\t\t\t\t<div class=\"elementor-element elementor-element-4a7ca75 elementor-widget elementor-widget-text-editor\" data-id=\"4a7ca75\" data-element_type=\"widget\" data-widget_type=\"text-editor.default\">\n\t\t\t\t<div class=\"elementor-widget-container\">\n\t\t\t\t\t\t\t\t<div class=\"elementor-text-editor elementor-clearfix\">\n\t\t\t\tCena: 120,00 PLN netto (147,60 PLN brutto)\t\t\t\t\t<\/div>\n\t\t\t\t\t\t<\/div>\n\t\t\t\t<\/div>\n\t\t\t\t<div class=\"elementor-element elementor-element-383713f elementor-tablet-align-center elementor-icon-list--layout-traditional elementor-list-item-link-full_width elementor-widget elementor-widget-icon-list\" data-id=\"383713f\" data-element_type=\"widget\" data-widget_type=\"icon-list.default\">\n\t\t\t\t<div class=\"elementor-widget-container\">\n\t\t\t\t\t<ul class=\"elementor-icon-list-items\">\n\t\t\t\t\t\t\t<li class=\"elementor-icon-list-item\">\n\t\t\t\t\t\t\t\t\t\t\t<span class=\"elementor-icon-list-icon\">\n\t\t\t\t\t\t\t<i aria-hidden=\"true\" class=\"far fa-dot-circle\"><\/i>\t\t\t\t\t\t<\/span>\n\t\t\t\t\t\t\t\t\t\t<span class=\"elementor-icon-list-text\">cz\u0105steczki srebra (Ag), cz\u0105steczki krzemu (SiO2) i H2O<\/span>\n\t\t\t\t\t\t\t\t\t<\/li>\n\t\t\t\t\t\t\t\t<li class=\"elementor-icon-list-item\">\n\t\t\t\t\t\t\t\t\t\t\t<span class=\"elementor-icon-list-icon\">\n\t\t\t\t\t\t\t<i aria-hidden=\"true\" class=\"far fa-dot-circle\"><\/i>\t\t\t\t\t\t<\/span>\n\t\t\t\t\t\t\t\t\t\t<span class=\"elementor-icon-list-text\"> wielko\u015b\u0107 cz\u0105steczek Ag 6-12nm <\/span>\n\t\t\t\t\t\t\t\t\t<\/li>\n\t\t\t\t\t\t\t\t<li class=\"elementor-icon-list-item\">\n\t\t\t\t\t\t\t\t\t\t\t<span class=\"elementor-icon-list-icon\">\n\t\t\t\t\t\t\t<i aria-hidden=\"true\" class=\"far fa-dot-circle\"><\/i>\t\t\t\t\t\t<\/span>\n\t\t\t\t\t\t\t\t\t\t<span class=\"elementor-icon-list-text\"> st\u0119\u017cenie: srebro 250ppm, SiO2 350ppm<\/span>\n\t\t\t\t\t\t\t\t\t<\/li>\n\t\t\t\t\t\t\t\t<li class=\"elementor-icon-list-item\">\n\t\t\t\t\t\t\t\t\t\t\t<span class=\"elementor-icon-list-icon\">\n\t\t\t\t\t\t\t<i aria-hidden=\"true\" class=\"far fa-dot-circle\"><\/i>\t\t\t\t\t\t<\/span>\n\t\t\t\t\t\t\t\t\t\t<span class=\"elementor-icon-list-text\"> produkt wa\u017cny przez okres 3 lat od daty produkcji<\/span>\n\t\t\t\t\t\t\t\t\t<\/li>\n\t\t\t\t\t\t<\/ul>\n\t\t\t\t<\/div>\n\t\t\t\t<\/div>\n\t\t\t\t\t\t<\/div>\n\t\t\t\t\t<\/div>\n\t\t<\/div>\n\t\t\t\t<div class=\"elementor-column elementor-col-50 elementor-top-column elementor-element elementor-element-d8409b5\" data-id=\"d8409b5\" data-element_type=\"column\">\n\t\t\t<div class=\"elementor-column-wrap elementor-element-populated\">\n\t\t\t\t\t\t\t<div class=\"elementor-widget-wrap\">\n\t\t\t\t\t\t<div class=\"elementor-element elementor-element-5883b77 elementor-widget elementor-widget-image\" data-id=\"5883b77\" data-element_type=\"widget\" data-widget_type=\"image.default\">\n\t\t\t\t<div class=\"elementor-widget-container\">\n\t\t\t\t\t\t\t\t<div class=\"elementor-image\">\n\t\t\t\t\t\t\t\t\t\t\t\t<img width=\"187\" height=\"260\" src=\"https:\/\/nanobestworld.pl\/wp-content\/uploads\/2021\/11\/xkrzem_srebro.jpg.pagespeed.ic_.S02ObtlvO_.webp\" class=\"attachment-full size-full\" alt=\"\" loading=\"lazy\" \/>\t\t\t\t\t\t\t\t\t\t\t\t\t\t<\/div>\n\t\t\t\t\t\t<\/div>\n\t\t\t\t<\/div>\n\t\t\t\t\t\t<\/div>\n\t\t\t\t\t<\/div>\n\t\t<\/div>\n\t\t\t\t\t\t\t\t<\/div>\n\t\t\t\t\t<\/div>\n\t\t<\/section>\n\t\t\t\t<section class=\"elementor-section elementor-top-section elementor-element elementor-element-1fa83c2 elementor-section-boxed elementor-section-height-default elementor-section-height-default\" data-id=\"1fa83c2\" data-element_type=\"section\">\n\t\t\t\t\t\t<div class=\"elementor-container elementor-column-gap-default\">\n\t\t\t\t\t\t\t<div class=\"elementor-row\">\n\t\t\t\t\t<div class=\"elementor-column elementor-col-100 elementor-top-column elementor-element elementor-element-ed88fe7\" data-id=\"ed88fe7\" data-element_type=\"column\">\n\t\t\t<div class=\"elementor-column-wrap elementor-element-populated\">\n\t\t\t\t\t\t\t<div class=\"elementor-widget-wrap\">\n\t\t\t\t\t\t<div class=\"elementor-element elementor-element-5be6995 elementor-widget elementor-widget-text-editor\" data-id=\"5be6995\" data-element_type=\"widget\" data-widget_type=\"text-editor.default\">\n\t\t\t\t<div class=\"elementor-widget-container\">\n\t\t\t\t\t\t\t\t<div class=\"elementor-text-editor elementor-clearfix\">\n\t\t\t\t<p>Produkt ten \u0142\u0105czy zalety nano skali, mianowicie wysok\u0105 aktywno\u015b\u0107 biostatyczn\u0105 nano srebra oraz zalety mikro czyli krzemionk\u0119 pe\u0142ni\u0105c\u0105 rol\u0119 no\u015bnika u\u0142atwiaj\u0105cego aplikacj\u0119 produktu w r\u00f3\u017cnych ga\u0142\u0119ziach przemys\u0142u.<br \/>Dzi\u0119ki swoim unikalnym w\u0142a\u015bciwo\u015bciom krzemionka z nano cz\u0105steczkami srebra znajduje zastosowanie w r\u00f3\u017cnych ga\u0142\u0119ziach przemys\u0142u, takich jak:<br \/>&#8211; Przemys\u0142 rolno spo\u017cywczy<br \/>&#8211; Przemys\u0142 kosmetyczny<br \/>&#8211; Przemys\u0142 budowlany<br \/>&#8211; Przemys\u0142 papierniczy i drewniany<\/p><p>Nasze Nano Srebro z Krzemem to koncentrat do rozcie\u0144czenia w wodzie destylowanej. Jest bezpieczne nie uszkadza powierzchni. Rozcie\u0144czenie w zwyk\u0142ej wodzie mo\u017ce spowodowa\u0107 mniejsz\u0105 skuteczno\u015b\u0107 komponentu.Skuteczne dzia\u0142anie to 25 ppm w cieczy.<\/p><p>Nano srebro u\u017cywane jest do dezynfekcji pomieszcze\u0144, odka\u017cania urz\u0105dze\u0144 i instalacji (szczeg\u00f3lnie przy procesach produkcyjnych gdzie jest wymagany wysoki poziom sterylno\u015bci), jako komponent przy produkcji lek\u00f3w, cechuj\u0105cy si\u0119 silnymi w\u0142a\u015bciwo\u015bciami bakteriob\u00f3jczymi i grzybob\u00f3jczymi, do walki z owrzodzeniem \u017co\u0142\u0105dka (niszczy zarazki helicobacterpylori odpowiedzialny za powstawanie nad\u017cerek przewodu pokarmowego), do produkcji materia\u0142\u00f3w opatrunkowych.<br \/>Przy dezynfekcji bakterio i grzybob\u00f3jczej hal produkcyjnych i innych pomieszcze\u0144, dezynfekcji ci\u0105g\u00f3w klimatyzacyjnych i powietrza w halach gdzie przebywaj\u0105 ludzie Nano Srebra mo\u017cna u\u017cywa\u0107 w obecno\u015bci za\u0142ogi, bez zabezpiecze\u0144 dr\u00f3g oddechowych.<\/p><p>Do dezynfekcja cia\u0142a ludzkiego, odzie\u017cy roboczej kt\u00f3ra jest u\u017cywana przez pracownik\u00f3w stykaj\u0105cych si\u0119 z procesem produkcyjnym wytwarzania kosmetyk\u00f3w i ich dystrybucji &#8211; elementy odzie\u017cy nas\u0105czone (przy praniu) nanokoloidami srebra, mo\u017cna wielokrotnie pra\u0107 i nawet po kilkunastu nast\u0119pnych procesach prania, zachowuj\u0105 silne w\u0142a\u015bciwo\u015bci bakterio i grzybob\u00f3jcze.<br \/>U\u017cywany jest r\u00f3wnie\u017c do dezynfekcji bakteriob\u00f3jczej i grzybob\u00f3jczej wody przeznaczonej do proces\u00f3w produkcyjnych oraz do spo\u017cycia.<\/p><p>Bardzo skuteczne w sadownictwie do oprysk\u00f3w drzew i krzew\u00f3w.<br \/>Bardzo skuteczne do przechowywania owoc\u00f3w i warzyw.<\/p>\t\t\t\t\t<\/div>\n\t\t\t\t\t\t<\/div>\n\t\t\t\t<\/div>\n\t\t\t\t<div class=\"elementor-element elementor-element-8816f67 elementor-widget elementor-widget-text-editor\" data-id=\"8816f67\" data-element_type=\"widget\" data-widget_type=\"text-editor.default\">\n\t\t\t\t<div class=\"elementor-widget-container\">\n\t\t\t\t\t\t\t\t<div class=\"elementor-text-editor elementor-clearfix\">\n\t\t\t\t<p><em>WA\u017bNA INFORMACJA: Opis w\u0142a\u015bciwo\u015bci preparatu zawarty w niniejszym opracowaniu ma charakter wy\u0142\u0105cznie informacyjny zosta\u0142 pozyskany z opracowa\u0144 naukowych bada\u0144 klinicznych oraz eksperyment\u00f3w naukowych.Produkt nie jest lekiem! Ze wzgl\u0119d\u00f3w prawnych nie mo\u017ce by\u0107 stosowany w Polsce jako suplement diety i jako produkt spo\u017cywczy. Zastosowanie produktu z wy\u017cej wymienionych powod\u00f3w zale\u017cy tylko i wy\u0142\u0105cznie od inwencji kupuj\u0105cego.<\/em><\/p>\t\t\t\t\t<\/div>\n\t\t\t\t\t\t<\/div>\n\t\t\t\t<\/div>\n\t\t\t\t\t\t<\/div>\n\t\t\t\t\t<\/div>\n\t\t<\/div>\n\t\t\t\t\t\t\t\t<\/div>\n\t\t\t\t\t<\/div>\n\t\t<\/section>\n\t\t\t\t\t\t<\/div>\n\t\t\t\t\t\t<\/div>\n\t\t\t\t\t<\/div>\n\t\t","protected":false},"excerpt":{"rendered":"<p>Nano Srebro + Krzemionka [1 litr] Cena: 120,00 PLN netto (147,60 PLN brutto) cz\u0105steczki srebra (Ag), cz\u0105steczki krzemu (SiO2) i H2O wielko\u015b\u0107 cz\u0105steczek Ag 6-12nm st\u0119\u017cenie: srebro 250ppm, SiO2 350ppm produkt wa\u017cny przez okres 3 lat od daty produkcji Produkt ten \u0142\u0105czy zalety nano skali, mianowicie wysok\u0105 aktywno\u015b\u0107 biostatyczn\u0105 nano srebra oraz zalety mikro czyli [&hellip;]<\/p>\n","protected":false},"author":1,"featured_media":0,"parent":0,"menu_order":0,"comment_status":"closed","ping_status":"closed","template":"","meta":[],"_links":{"self":[{"href":"https:\/\/nanobestworld.pl\/index.php\/wp-json\/wp\/v2\/pages\/501"}],"collection":[{"href":"https:\/\/nanobestworld.pl\/index.php\/wp-json\/wp\/v2\/pages"}],"about":[{"href":"https:\/\/nanobestworld.pl\/index.php\/wp-json\/wp\/v2\/types\/page"}],"author":[{"embeddable":true,"href":"https:\/\/nanobestworld.pl\/index.php\/wp-json\/wp\/v2\/users\/1"}],"replies":[{"embeddable":true,"href":"https:\/\/nanobestworld.pl\/index.php\/wp-json\/wp\/v2\/comments?post=501"}],"version-history":[{"count":5,"href":"https:\/\/nanobestworld.pl\/index.php\/wp-json\/wp\/v2\/pages\/501\/revisions"}],"predecessor-version":[{"id":557,"href":"https:\/\/nanobestworld.pl\/index.php\/wp-json\/wp\/v2\/pages\/501\/revisions\/557"}],"wp:attachment":[{"href":"https:\/\/nanobestworld.pl\/index.php\/wp-json\/wp\/v2\/media?parent=501"}],"curies":[{"name":"wp","href":"https:\/\/api.w.org\/{rel}","templated":true}]}}