{"id":68,"date":"2021-10-21T13:33:53","date_gmt":"2021-10-21T11:33:53","guid":{"rendered":"http:\/\/nano.bestoffice.nazwa.pl\/?page_id=68"},"modified":"2021-10-22T14:08:56","modified_gmt":"2021-10-22T12:08:56","slug":"dzialanie-nanozlota","status":"publish","type":"page","link":"https:\/\/nanobestworld.pl\/index.php\/dzialanie-nanozlota\/","title":{"rendered":"Dzia\u0142anie nanoz\u0142ota"},"content":{"rendered":"\t\t<div data-elementor-type=\"wp-page\" data-elementor-id=\"68\" class=\"elementor elementor-68\" data-elementor-settings=\"[]\">\n\t\t\t\t\t\t<div class=\"elementor-inner\">\n\t\t\t\t\t\t\t<div class=\"elementor-section-wrap\">\n\t\t\t\t\t\t\t<section class=\"elementor-section elementor-top-section elementor-element elementor-element-8f84748 elementor-section-boxed elementor-section-height-default elementor-section-height-default\" data-id=\"8f84748\" data-element_type=\"section\">\n\t\t\t\t\t\t\t<div class=\"elementor-background-overlay\"><\/div>\n\t\t\t\t\t\t\t<div class=\"elementor-container elementor-column-gap-default\">\n\t\t\t\t\t\t\t<div class=\"elementor-row\">\n\t\t\t\t\t<div class=\"elementor-column elementor-col-100 elementor-top-column elementor-element elementor-element-3088b04\" data-id=\"3088b04\" data-element_type=\"column\">\n\t\t\t<div class=\"elementor-column-wrap elementor-element-populated\">\n\t\t\t\t\t\t\t<div class=\"elementor-widget-wrap\">\n\t\t\t\t\t\t<div class=\"elementor-element elementor-element-19686f4 elementor-widget elementor-widget-text-editor\" data-id=\"19686f4\" data-element_type=\"widget\" data-widget_type=\"text-editor.default\">\n\t\t\t\t<div class=\"elementor-widget-container\">\n\t\t\t\t\t\t\t\t<div class=\"elementor-text-editor elementor-clearfix\">\n\t\t\t\t<p>Ju\u017c staro\u017cytni wierzyli w cudown\u0105 moc uzdrawiania z\u0142ota i w jego terapeutyczne w\u0142a\u015bciwo\u015bci. Wiedza o w\u0142a\u015bciwo\u015bciach leczniczych z\u0142ota znana by\u0142a w Chinach od oko\u0142o 2500 p.n.e. Niekt\u00f3rzy z nich uwa\u017cali nawet, \u017ce kruszec ten kryje w sobie tajemnic\u0119 d\u0142ugiego \u017cycia. Zwolennicy tej teorii, pili p\u0142ynne roztwory z\u0142ota trzy razy dziennie, lub rano na czczo, gdy\u017c to mia\u0142o przywr\u00f3ci\u0107 im m\u0142odo\u015b\u0107 i wigor. Pliniusz by\u0142 przekonany, \u017ce ok\u0142ady ze z\u0142ota leczy\u0142y wrzody, hemoroidy i grzybic\u0119.<\/p>\t\t\t\t\t<\/div>\n\t\t\t\t\t\t<\/div>\n\t\t\t\t<\/div>\n\t\t\t\t<div class=\"elementor-element elementor-element-6f79348 elementor-widget elementor-widget-text-editor\" data-id=\"6f79348\" data-element_type=\"widget\" data-widget_type=\"text-editor.default\">\n\t\t\t\t<div class=\"elementor-widget-container\">\n\t\t\t\t\t\t\t\t<div class=\"elementor-text-editor elementor-clearfix\">\n\t\t\t\t<p>Arabowie do dzi\u015b uwa\u017caj\u0105, \u017ce z\u0142oto wzmacnia serce, zwalcza palpitacje i dr\u017cenie ko\u0144czyn, a tak\u017ce pomaga w stanach melancholii. W niekt\u00f3rych przypadkach, z\u0142oto rzeczywi\u015bcie jest skutecznym, wsp\u00f3\u0142czesnym medykamentem.<\/p><p>Dzia\u0142a odm\u0142adzaj\u0105co na leniwie pracuj\u0105ce organy. Poprawia pami\u0119\u0107 i zdolno\u015bci koncentracji &#8211; badania wykaza\u0142y wzrost ilorazu inteligencji u os\u00f3b za\u017cywaj\u0105cych przez d\u0142u\u017cszy okres czasu nanokoloidalne z\u0142oto. Doskona\u0142e dzia\u0142a przy problemach z uczeniem si\u0119 i zapami\u0119tywaniem.<\/p><p>Wsp\u00f3\u0142cze\u015bnie zaleca si\u0119 stosowanie preparat\u00f3w ze z\u0142otem w razie chor\u00f3b reumatycznych odpornych na inne leki: artretyzm, reumatoidalne zapalenie staw\u00f3w, \u0142uszczycowe zapalenie staw\u00f3w. A ponadto dzia\u0142a skutecznie w: cukrzycy, wypadaniu w\u0142os\u00f3w, chorobach zaka\u017anych, ropniach, liszajach, chorobach alergicznych, dusznicy bolesnej, padaczce, chorobach wenerycznych, zapaleniu przydatk\u00f3w (jajnik\u00f3w, jajowod\u00f3w), zapaleniu narz\u0105d\u00f3w p\u0142ciowych u m\u0119\u017cczyzn i kobiet, przewlek\u0142ych dermatoz, nowotwor\u00f3w, przewlek\u0142ego kataru, stan\u00f3w zapalnych oczu, przewlek\u0142ych stan\u00f3w zapalnych w\u0105troby.<\/p><p>Nanoz\u0142oto hamuje fagocytoz\u0119, procesy autoagresji, objawy chor\u00f3b autoimmunologicznych &#8211; tocznia, \u0142uszczycy, bielactwa, kolagenoz, przewlek\u0142ych wyprysk\u00f3w. Spowalnia opad krwinek &#8211; OB. Dzia\u0142a przeciwzapalnie. Likwiduje objawy przewlek\u0142ych chor\u00f3b alergicznych. Nanokoloid z\u0142ota wykazuje silny wp\u0142yw przeciwtr\u0105dzikowy &#8211; szczeg\u00f3lnie w po\u0142\u0105czeniu ze srebrem i miedzi\u0105 koloidaln\u0105.<\/p><p>Nadmiar z\u0142ota w organizmie, jest wydalany z \u017c\u00f3\u0142ci\u0105, moczem i potem.<br \/>Pewne jest, \u017ce nano z\u0142oto regeneruje, odbudowuje i r\u00f3wnowa\u017cy si\u0142y witalne w organizmie. Z\u0142oto ma korzystny wp\u0142yw na uk\u0142ad pokarmowy i kr\u0105\u017cenie krwi (wszystkie p\u0142yny w organizmie maj\u0105 struktur\u0119 koloidaln\u0105).<\/p><p>Niechemiczne z\u0142oto nanokoloidalne mo\u017cna bez obaw stosowa\u0107 razem z innymi lekami, poniewa\u017c nie wchodzi z nimi w interakcje, a tylko skutecznie wspomaga leczenie i pobudza uk\u0142ad odporno\u015bciowy.<br \/>Wsp\u00f3\u0142czesna medycyna znalaz\u0142a wiele zastosowa\u0144 dla z\u0142ota &#8211; zw\u0142aszcza w\u015br\u00f3d schorze\u0144 naczyniowych i onkologicznych &#8211; dw\u00f3ch najwi\u0119kszych zab\u00f3jc\u00f3w w naszej cywilizacji. Nano z\u0142oto jest niezwykle skuteczne przy leczeniu rozleg\u0142ych oparze\u0144. Z\u0142oto w injekcjach stosowane jest w chorobie reumatoidalnej.<\/p><p>Nanocz\u0105steczki z\u0142ota s\u0105 na tyle ma\u0142e (ok.18 nm), \u017ce bez problemu przemieszczaj\u0105 si\u0119 wraz z krwiobiegiem po ca\u0142ym organizmie docieraj\u0105c w ka\u017cde miejsce i wnikaj\u0105 w ka\u017cd\u0105 kom\u00f3rk\u0119 cia\u0142a. Wielko\u015b\u0107 sw\u0105 wyra\u017con\u0105 w nanometrach zawdzi\u0119czaj\u0105 najnowszym badaniom i technologii wytworzenia.<br \/>Cz\u0105steczki z\u0142ota posiadaj\u0105 w\u0142a\u015bciwo\u015bci fizyczno-chemiczne powoduj\u0105ce reakcj\u0119 z chor\u0105 kom\u00f3rk\u0105 przez co dochodzi do procesu unieszkodliwienia a tak\u017ce w przypadku DNA naprawienia wi\u0105za\u0144 podw\u00f3jnej helisy odpowiedzialnych za prawid\u0142owy dalszy rozw\u00f3j kom\u00f3rki.<\/p><p>Uszkodzenia DNA mog\u0105 by\u0107 spowodowane radio- i chemioterapi\u0105, promieniami UV, RTG, GAMMA, dzia\u0142aniem wysokiej temperatury a tak\u017ce dzia\u0142aniem wirus\u00f3w i toksyn. Nanocz\u0105stki z\u0142ota reaguj\u0105 tylko z chorymi kom\u00f3rkami, gdy\u017c zdrowe posiadaj\u0105 zupe\u0142nie inna proliferacje kom\u00f3rkowa i pozostaj\u0105 dla nich oboj\u0119tne.<br \/>Odpowiednie \u201enas\u0105czenie\u201d organizmu cz\u0105steczkami nanoz\u0142ota powoduje proces oczyszczenia organizmu ze zniszczonych i zmutowanych kom\u00f3rek. Cenn\u0105 w\u0142a\u015bciwo\u015bci\u0105 Nano z\u0142ota jest to \u017ce nie kumuluje si\u0119 w organizmie, jest wydalane wraz z moczem, potem i ka\u0142em.<\/p>\t\t\t\t\t<\/div>\n\t\t\t\t\t\t<\/div>\n\t\t\t\t<\/div>\n\t\t\t\t\t\t<\/div>\n\t\t\t\t\t<\/div>\n\t\t<\/div>\n\t\t\t\t\t\t\t\t<\/div>\n\t\t\t\t\t<\/div>\n\t\t<\/section>\n\t\t\t\t\t\t<\/div>\n\t\t\t\t\t\t<\/div>\n\t\t\t\t\t<\/div>\n\t\t","protected":false},"excerpt":{"rendered":"<p>Ju\u017c staro\u017cytni wierzyli w cudown\u0105 moc uzdrawiania z\u0142ota i w jego terapeutyczne w\u0142a\u015bciwo\u015bci. Wiedza o w\u0142a\u015bciwo\u015bciach leczniczych z\u0142ota znana by\u0142a w Chinach od oko\u0142o 2500 p.n.e. Niekt\u00f3rzy z nich uwa\u017cali nawet, \u017ce kruszec ten kryje w sobie tajemnic\u0119 d\u0142ugiego \u017cycia. Zwolennicy tej teorii, pili p\u0142ynne roztwory z\u0142ota trzy razy dziennie, lub rano na czczo, gdy\u017c [&hellip;]<\/p>\n","protected":false},"author":1,"featured_media":0,"parent":0,"menu_order":0,"comment_status":"closed","ping_status":"closed","template":"","meta":[],"_links":{"self":[{"href":"https:\/\/nanobestworld.pl\/index.php\/wp-json\/wp\/v2\/pages\/68"}],"collection":[{"href":"https:\/\/nanobestworld.pl\/index.php\/wp-json\/wp\/v2\/pages"}],"about":[{"href":"https:\/\/nanobestworld.pl\/index.php\/wp-json\/wp\/v2\/types\/page"}],"author":[{"embeddable":true,"href":"https:\/\/nanobestworld.pl\/index.php\/wp-json\/wp\/v2\/users\/1"}],"replies":[{"embeddable":true,"href":"https:\/\/nanobestworld.pl\/index.php\/wp-json\/wp\/v2\/comments?post=68"}],"version-history":[{"count":7,"href":"https:\/\/nanobestworld.pl\/index.php\/wp-json\/wp\/v2\/pages\/68\/revisions"}],"predecessor-version":[{"id":258,"href":"https:\/\/nanobestworld.pl\/index.php\/wp-json\/wp\/v2\/pages\/68\/revisions\/258"}],"wp:attachment":[{"href":"https:\/\/nanobestworld.pl\/index.php\/wp-json\/wp\/v2\/media?parent=68"}],"curies":[{"name":"wp","href":"https:\/\/api.w.org\/{rel}","templated":true}]}}