{"id":70,"date":"2021-10-21T13:34:06","date_gmt":"2021-10-21T11:34:06","guid":{"rendered":"http:\/\/nano.bestoffice.nazwa.pl\/?page_id=70"},"modified":"2021-10-22T14:20:56","modified_gmt":"2021-10-22T12:20:56","slug":"nanosrebro-i-antybiotyki","status":"publish","type":"page","link":"https:\/\/nanobestworld.pl\/index.php\/nanosrebro-i-antybiotyki\/","title":{"rendered":"Nanosrebro i antybiotyki"},"content":{"rendered":"\t\t<div data-elementor-type=\"wp-page\" data-elementor-id=\"70\" class=\"elementor elementor-70\" data-elementor-settings=\"[]\">\n\t\t\t\t\t\t<div class=\"elementor-inner\">\n\t\t\t\t\t\t\t<div class=\"elementor-section-wrap\">\n\t\t\t\t\t\t\t<section class=\"elementor-section elementor-top-section elementor-element elementor-element-3060b55 elementor-section-height-min-height elementor-section-boxed elementor-section-height-default elementor-section-items-middle\" data-id=\"3060b55\" data-element_type=\"section\">\n\t\t\t\t\t\t\t<div class=\"elementor-background-overlay\"><\/div>\n\t\t\t\t\t\t\t<div class=\"elementor-container elementor-column-gap-default\">\n\t\t\t\t\t\t\t<div class=\"elementor-row\">\n\t\t\t\t\t<div class=\"elementor-column elementor-col-100 elementor-top-column elementor-element elementor-element-0b3b8ec\" data-id=\"0b3b8ec\" data-element_type=\"column\">\n\t\t\t<div class=\"elementor-column-wrap\">\n\t\t\t\t\t\t\t<div class=\"elementor-widget-wrap\">\n\t\t\t\t\t\t\t\t<\/div>\n\t\t\t\t\t<\/div>\n\t\t<\/div>\n\t\t\t\t\t\t\t\t<\/div>\n\t\t\t\t\t<\/div>\n\t\t<\/section>\n\t\t\t\t<section class=\"elementor-section elementor-top-section elementor-element elementor-element-64252aa elementor-section-boxed elementor-section-height-default elementor-section-height-default\" data-id=\"64252aa\" data-element_type=\"section\">\n\t\t\t\t\t\t\t<div class=\"elementor-background-overlay\"><\/div>\n\t\t\t\t\t\t\t<div class=\"elementor-container elementor-column-gap-default\">\n\t\t\t\t\t\t\t<div class=\"elementor-row\">\n\t\t\t\t\t<div class=\"elementor-column elementor-col-100 elementor-top-column elementor-element elementor-element-c9a815a\" data-id=\"c9a815a\" data-element_type=\"column\">\n\t\t\t<div class=\"elementor-column-wrap elementor-element-populated\">\n\t\t\t\t\t\t\t<div class=\"elementor-widget-wrap\">\n\t\t\t\t\t\t<div class=\"elementor-element elementor-element-7f9025a elementor-widget elementor-widget-text-editor\" data-id=\"7f9025a\" data-element_type=\"widget\" data-widget_type=\"text-editor.default\">\n\t\t\t\t<div class=\"elementor-widget-container\">\n\t\t\t\t\t\t\t\t<div class=\"elementor-text-editor elementor-clearfix\">\n\t\t\t\t<p>Wsp\u00f3\u0142czesne antybiotyki zabijaj\u0105 tylko niekt\u00f3re bakterie i grzyby \u2013 nie za\u015b wirusy, takie jak wirus grypy, czy zwyk\u0142ego przezi\u0119bienia, czy te\u017c o wiele od nich gro\u017aniejsze wirusy: HIV, ospy wietrznej, \u015bwinki, odry, w\u015bcieklizny, wirusowego zapalenia p\u0142uc, zapalenia istoty szarej rdzenia kr\u0119gowego, parali\u017cu dzieci\u0119cego, opryszczki, wirusowego zapalenia w\u0105troby. A AIDS? A nowotwory? Infekcje wywo\u0142ane dro\u017cd\u017cakami?<\/p>\t\t\t\t\t<\/div>\n\t\t\t\t\t\t<\/div>\n\t\t\t\t<\/div>\n\t\t\t\t<div class=\"elementor-element elementor-element-1ef3075 elementor-widget elementor-widget-text-editor\" data-id=\"1ef3075\" data-element_type=\"widget\" data-widget_type=\"text-editor.default\">\n\t\t\t\t<div class=\"elementor-widget-container\">\n\t\t\t\t\t\t\t\t<div class=\"elementor-text-editor elementor-clearfix\">\n\t\t\t\t<p class=\"text\">Tutaj \u017cadne antybiotyki nie maj\u0105 zbyt wielkiego zastosowania i nigdy nie mia\u0142y. Z pewno\u015bci\u0105 wydaje si\u0119 to w\u0105tpliwe, aby inna substancja mog\u0142a rozwi\u0105za\u0107 wszystkie te wspomniane problemy. A jednak niekt\u00f3rzy badacze m\u00f3wi\u0105 nam, \u017ce srebro mo\u017ce to zrobi\u0107.<br \/>W przeciwie\u0144stwie do antybiotyk\u00f3w, nano srebro jest substancj\u0105 bezpieczn\u0105, nietoksyczn\u0105, nie akumuluj\u0105c\u0105 si\u0119. Zabija ono patogeny i ich mutacje- czego antybiotyki nie potrafi\u0105. Istnieje wiele farmaceutycznych antybiotyk\u00f3w, ka\u017cdy z nich ma w\u0142asne \u201especjalne\u201d dzia\u0142anie i przeznaczenie. \u015arednio ka\u017cdy z nich mo\u017ce sam unicestwi\u0107 do sze\u015bciu organizm\u00f3w chorobotw\u00f3rczych, podczas gdy nano srebro zabija ponad 650 r\u00f3\u017cnych patogen\u00f3w. Niestety, wsp\u00f3\u0142czesne nauki medyczne pozostaj\u0105 wci\u0105\u017c pod wp\u0142ywem z\u0142udnej teorii i praktyki, \u017ce aby \u201ezabi\u0107\u201d chorob\u0119 trzeba u\u017cy\u0107 trucizny, nie widz\u0105c wi\u0119kszych warto\u015bci w medycynie naturalnej.<\/p><p class=\"text\">Ka\u017cdy lek reklamowany w telewizji leczy obawy, ale nie chorob\u0119. Stali\u015bmy si\u0119 tak dobrzy w maskowaniu b\u00f3lu i objaw\u00f3w choroby, \u017ce wydaje si\u0119, i\u017c jeste\u015bmy zdrowi. Spiker m\u00f3wi\u0105c o wspania\u0142ym specyfiku likwiduj\u0105cym b\u00f3l, nie m\u00f3wi \u017ceby uda\u0107 si\u0119 do lekarza celem ustalenia w\u0142a\u015bciwej przyczyny b\u00f3lu a tym samym choroby. C\u00f3\u017c za cudotw\u00f3rca u\u015bmierzy\u0142 b\u00f3l i wyleczy\u0142 chorob\u0119. S\u0142owem musimy dotrze\u0107 do korzeni, do przyczyn powstawania chor\u00f3b. Srebro koloidalne zabija przyczyn\u0119 \u2013 nie maskuje jej. Robi to bez szkody dla organizmu.<\/p><p class=\"center\">Inne powody skuteczno\u015bci srebra:<\/p><table class=\"tab_blue\"><tbody><tr><td><strong>Nano Srebro ma silny \u0142adunek dodatni<\/strong>\u00a0natomiast wi\u0119kszo\u015b\u0107 antybiotyk\u00f3w nie posiada tak silnego \u0142adunku dodatniego. Sprawia to, \u017ce srebro dos\u0142ownie wyszukuje i niszczy patogeny, zamiast tylko dryfowa\u0107 a\u017c przypadkiem wpadn\u0105 na siebie. To dzia\u0142anie zosta\u0142o do\u015b\u0107 trafnie okre\u015blone przez dr Roberta Becka jako efekt \u201esrebrnego pocisku\u201d.<\/td><\/tr><tr><td><strong>Srebro zabija od razu utleniaj\u0105c patogen.<\/strong>\u00a0Antybiotyki w og\u00f3le nie dzia\u0142aj\u0105 na wirusy, a je\u015bli chodzi o bakterie \u2013 antybiotyk zabija bakteri\u0119 w momencie, gdy zaczyna si\u0119 ona dzieli\u0107 (antybiotyki typu penicylina), lub zapobiega podzia\u0142owi bakterii (antybiotyki typu tetracykliny). W pierwszym przypadku mo\u017ce up\u0142yn\u0105\u0107 kilka dni zanim bakteria zacznie si\u0119 dzieli\u0107, w drugim przypadku bakteria w og\u00f3le nie ginie, a jedynie blokowana jest jej replikacja. W obu przypadkach system immunologiczny musi sam sobie poradzi\u0107 z wi\u0119kszo\u015bci\u0105 wszystkich patogen\u00f3w. W przypadku srebra zabijane s\u0105 one wszystkie i natychmiast.<\/td><\/tr><tr><td><strong>Srebro jest katalizatorem.<\/strong>\u00a0Tak wiec, gdy tylko srebro utleni patogen, traci on sw\u00f3j ujemny \u0142adunek i po prostu odp\u0142ywa, a srebro mo\u017ce zaatakowa\u0107 kolejny chorobotw\u00f3rczy organizm. Antybiotyki zazwyczaj wi\u0105\u017c\u0105 si\u0119 z patogenami i na ka\u017cdy wyeliminowany patogen zu\u017cyta zostaje jedna cz\u0105steczka czy te\u017c moleku\u0142a antybiotyku.<\/td><\/tr><\/tbody><\/table><p class=\"text\">Ze wzgl\u0119du na silne dzia\u0142anie bakteriob\u00f3jcze, srebro koloidalne okaza\u0142o si\u0119 wysoce skuteczne w zapobieganiu i leczeniu infekcji i chor\u00f3b, \u0142\u0105cznie z AIDS, gronkowcami i paciorkowcami. Jest to zalecany \u015brodek wzmacniaj\u0105cy w przypadku wybranych chor\u00f3b, np.: przezi\u0119bienia, mo\u017cna stosowa\u0107 je miejscowo w przypadku chor\u00f3b sk\u00f3ry, jako \u015brodek odka\u017caj\u0105cy wod\u0119 pitn\u0105, jak r\u00f3wnie\u017c \u015brodek odka\u017caj\u0105cy do u\u017cytku w gospodarstwie domowym. Srebro posiada zdolno\u015b\u0107 dezaktywowania bakterii, poniewa\u017c jest silnym katalizatorem w procesie utleniania, hamuje wiec reprodukcj\u0119 bakterii. Badania naukowe nie wskazuj\u0105 na \u017cadne efekty uboczne doustnego lub do\u017cylnego podawana prawid\u0142owo sporz\u0105dzonego roztworu koloidalnego srebra. Nigdy nie zanotowano negatywnej reakcji na koloidalne srebro ani \u017cadne jego pochodne w postaci lek\u00f3w.<\/p>\t\t\t\t\t<\/div>\n\t\t\t\t\t\t<\/div>\n\t\t\t\t<\/div>\n\t\t\t\t\t\t<\/div>\n\t\t\t\t\t<\/div>\n\t\t<\/div>\n\t\t\t\t\t\t\t\t<\/div>\n\t\t\t\t\t<\/div>\n\t\t<\/section>\n\t\t\t\t\t\t<\/div>\n\t\t\t\t\t\t<\/div>\n\t\t\t\t\t<\/div>\n\t\t","protected":false},"excerpt":{"rendered":"<p>Wsp\u00f3\u0142czesne antybiotyki zabijaj\u0105 tylko niekt\u00f3re bakterie i grzyby \u2013 nie za\u015b wirusy, takie jak wirus grypy, czy zwyk\u0142ego przezi\u0119bienia, czy te\u017c o wiele od nich gro\u017aniejsze wirusy: HIV, ospy wietrznej, \u015bwinki, odry, w\u015bcieklizny, wirusowego zapalenia p\u0142uc, zapalenia istoty szarej rdzenia kr\u0119gowego, parali\u017cu dzieci\u0119cego, opryszczki, wirusowego zapalenia w\u0105troby. A AIDS? A nowotwory? Infekcje wywo\u0142ane dro\u017cd\u017cakami? Tutaj [&hellip;]<\/p>\n","protected":false},"author":1,"featured_media":0,"parent":0,"menu_order":0,"comment_status":"closed","ping_status":"closed","template":"","meta":[],"_links":{"self":[{"href":"https:\/\/nanobestworld.pl\/index.php\/wp-json\/wp\/v2\/pages\/70"}],"collection":[{"href":"https:\/\/nanobestworld.pl\/index.php\/wp-json\/wp\/v2\/pages"}],"about":[{"href":"https:\/\/nanobestworld.pl\/index.php\/wp-json\/wp\/v2\/types\/page"}],"author":[{"embeddable":true,"href":"https:\/\/nanobestworld.pl\/index.php\/wp-json\/wp\/v2\/users\/1"}],"replies":[{"embeddable":true,"href":"https:\/\/nanobestworld.pl\/index.php\/wp-json\/wp\/v2\/comments?post=70"}],"version-history":[{"count":13,"href":"https:\/\/nanobestworld.pl\/index.php\/wp-json\/wp\/v2\/pages\/70\/revisions"}],"predecessor-version":[{"id":271,"href":"https:\/\/nanobestworld.pl\/index.php\/wp-json\/wp\/v2\/pages\/70\/revisions\/271"}],"wp:attachment":[{"href":"https:\/\/nanobestworld.pl\/index.php\/wp-json\/wp\/v2\/media?parent=70"}],"curies":[{"name":"wp","href":"https:\/\/api.w.org\/{rel}","templated":true}]}}