{"id":72,"date":"2021-10-21T13:38:39","date_gmt":"2021-10-21T11:38:39","guid":{"rendered":"http:\/\/nano.bestoffice.nazwa.pl\/?page_id=72"},"modified":"2021-10-22T14:50:53","modified_gmt":"2021-10-22T12:50:53","slug":"nanosrebro-w-lecznictwie","status":"publish","type":"page","link":"https:\/\/nanobestworld.pl\/index.php\/nanosrebro-w-lecznictwie\/","title":{"rendered":"Nanosrebro w lecznictwie"},"content":{"rendered":"\t\t<div data-elementor-type=\"wp-page\" data-elementor-id=\"72\" class=\"elementor elementor-72\" data-elementor-settings=\"[]\">\n\t\t\t\t\t\t<div class=\"elementor-inner\">\n\t\t\t\t\t\t\t<div class=\"elementor-section-wrap\">\n\t\t\t\t\t\t\t<section class=\"elementor-section elementor-top-section elementor-element elementor-element-fb8432d elementor-section-boxed elementor-section-height-default elementor-section-height-default\" data-id=\"fb8432d\" data-element_type=\"section\">\n\t\t\t\t\t\t\t<div class=\"elementor-background-overlay\"><\/div>\n\t\t\t\t\t\t\t<div class=\"elementor-container elementor-column-gap-default\">\n\t\t\t\t\t\t\t<div class=\"elementor-row\">\n\t\t\t\t\t<div class=\"elementor-column elementor-col-100 elementor-top-column elementor-element elementor-element-8d6d744\" data-id=\"8d6d744\" data-element_type=\"column\">\n\t\t\t<div class=\"elementor-column-wrap elementor-element-populated\">\n\t\t\t\t\t\t\t<div class=\"elementor-widget-wrap\">\n\t\t\t\t\t\t<div class=\"elementor-element elementor-element-edc75d3 elementor-widget elementor-widget-text-editor\" data-id=\"edc75d3\" data-element_type=\"widget\" data-widget_type=\"text-editor.default\">\n\t\t\t\t<div class=\"elementor-widget-container\">\n\t\t\t\t\t\t\t\t<div class=\"elementor-text-editor elementor-clearfix\">\n\t\t\t\tLecznicza warto\u015b\u0107 Nanosrebra \u2013 wed\u0142ug literatury medycznej &#8211; polega na tym, \u017ce jest ono naturalnym antybiotykiem upo\u015bledzaj\u0105cym uk\u0142ad enzymatyczny, kt\u00f3ry wszystkie jednokom\u00f3rkowe patogeny wykorzystuj\u0105 w swoim metabolizmie tlenowym. Sprawia to, \u017ce owe patogenne mikroorganizmy i ich wielopostaciowe zmutowane formy gin\u0105 w sze\u015b\u0107 minut przy bezpo\u015brednim kontakcie ze srebrem. Jony srebra posiadaj\u0105 ogromn\u0105 zdolno\u015b\u0107 utleniania czy te\u017c zabierania elektron\u00f3w z substancji, kt\u00f3re je otaczaj\u0105. Organizmy chorobotw\u00f3rcze nie potrafi\u0105 wypracowa\u0107 odporno\u015bci na srebro koloidalne, a ich mutacje s\u0105 tak samo podatne na jego b\u0142yskawiczne dzia\u0142anie. W badaniach naukowych nie zanotowano rozwoju szczep\u00f3w bakterii odpornych na dzia\u0142anie srebra.\t\t\t\t\t<\/div>\n\t\t\t\t\t\t<\/div>\n\t\t\t\t<\/div>\n\t\t\t\t<div class=\"elementor-element elementor-element-ed63e91 elementor-widget elementor-widget-text-editor\" data-id=\"ed63e91\" data-element_type=\"widget\" data-widget_type=\"text-editor.default\">\n\t\t\t\t<div class=\"elementor-widget-container\">\n\t\t\t\t\t\t\t\t<div class=\"elementor-text-editor elementor-clearfix\">\n\t\t\t\t<p>Ponadto srebro nie tylko zabija organizmy wywo\u0142uj\u0105ce choroby. Przyczynia si\u0119 r\u00f3wnie\u017c do znacznego przyrostu ko\u015bci i przyspiesza gojenie si\u0119 uszkodzonych tkanek.<\/p><p>W podsumowaniu bada\u0144 doktora medycyny Roberta O. Beckera, kt\u00f3ry jest wiod\u0105cym badaczem w dziedzinie regeneracji ko\u015bci, czytamy, ze srebro bardzo silnie stymuluje procesy gojenia si\u0119 sk\u00f3ry i innych tkanek mi\u0119kkich w spos\u00f3b, w jaki nie przebiega \u017caden ze znanych proces\u00f3w naturalnych. Pobudza ono kom\u00f3rki kostnotw\u00f3rcze, leczy najbardziej uparte infekcje i stymuluje leczenie sk\u00f3ry, oraz innych tkanek mi\u0119kkich w spos\u00f3b, w jaki nie przebiega \u017caden ze znanych proces\u00f3w naturalnych. Ponadto pobudza kom\u00f3rki kostnotw\u00f3rcze, leczy najbardziej uparte infekcje i stymuluje leczenie sk\u00f3ry oraz innych tkanek mi\u0119kkich.<\/p><p>W numerze British Medial Journal z 15 grudnia 1917 r. J.Mark Howell pisa\u0142, i\u017c srebro koloidalne jest pomocne w przywracaniu czynno\u015bci tr\u0105bek Eustachiusza oraz w zmniejszaniu kataru nosowo-gard\u0142owego. BMJ stwierdza, ze koloidalne srebro by\u0142o stosowane ze \u015bwietnymi wynikami w leczeniu ropotoku, zapaleniu migda\u0142k\u00f3w, zespo\u0142u Meniere\u2019a, p\u00f3\u0142pa\u015bca, kokluszu, posocznicy, obfitych bia\u0142ych up\u0142aw\u00f3w i zapalenia p\u0119cherza moczowego.<\/p><p><strong>Podstawy my\u015blenia, \u017ce Nano srebro mo\u017ce wspomaga\u0107 wyleczenie nowotwor\u00f3w.<\/strong><\/p><p>Czy nowotw\u00f3r jest wynikiem dzia\u0142ania mo\u017cliwych do wyeliminowania organizm\u00f3w takich jak dro\u017cd\u017ce czy wirusy? Udowodniono, \u017ce wiele nowotwor\u00f3w mo\u017ce powsta\u0107 przy d\u0142u\u017cszym indukowaniu przez \u015bci\u015ble okre\u015blone wirusy. Niekt\u00f3re badania wskazuj\u0105 na pewne powi\u0105zanie pomi\u0119dzy rakiem a candida albicans. Wykazano \u017ce srebro koloidalne skutecznie zwalcza candida. Niew\u0105tpliwe dzia\u0142anie to profilaktyka, czyli nie dopuszczenie do powstania raka, przez usuwanie czynnik\u00f3w kt\u00f3re mog\u0105 to spowodowa\u0107.<\/p><p>Dr Robert O. Becker tak\u017ce prowadzi\u0142 badania nad rakiem m\u00f3wi: \u201d\u2026 srebro, kt\u00f3re jest na\u0142adowane ujemnie nie wywiera efektu, na\u0142adowane dodatnio dzia\u0142a na kom\u00f3rki rakowe zatrzymuj\u0105c ich mitoz\u0119, jak wykazali\u015bmy w badaniach laboratoryjnych\u201d. Dodatnio na\u0142adowana srebrna elektroda wytwarza jony koloidalnego srebra. Pomimo, ze dok\u0142adna przyczyna mitozy kom\u00f3rek rakowych nie zosta\u0142a podana, wydaje si\u0119 bardzo prawdopodobne, ze by\u0142 ni\u0105 koloid zawieraj\u0105cy dodatnie jony srebra. Przetestowano elektrody wykonane z r\u00f3\u017cnych metali i stwierdzono, ze tylko srebro, zatrzymuje mitoz\u0119 kom\u00f3rek nowotworowych.<\/p><p>Srebro posiada korzystne dzia\u0142anie w walce z AIDS, poniewa\u017c bez w\u0105tpienia uzupe\u0142nia i wspomaga kom\u00f3rki T-zale\u017cne w ich zwalczaniu obcych organizm\u00f3w we krwi. Badacze tacy jak Gary Smith zdecydowanie sugeruj\u0105, ze jony srebra s\u0105 niezb\u0119dne dla uk\u0142adu odporno\u015bciowego. AIDS jest chorob\u0105 wirusow\u0105, a antybiotyki nie dzia\u0142aj\u0105 na wirusy, ale jony srebra sprawdzaj\u0105 si\u0119 w tej sytuacji. Jest to pewnego rodzaju nadzieja do wzmocnienia leczenia AIDS.<\/p>\t\t\t\t\t<\/div>\n\t\t\t\t\t\t<\/div>\n\t\t\t\t<\/div>\n\t\t\t\t<div class=\"elementor-element elementor-element-bd1ffca elementor-widget elementor-widget-text-editor\" data-id=\"bd1ffca\" data-element_type=\"widget\" data-widget_type=\"text-editor.default\">\n\t\t\t\t<div class=\"elementor-widget-container\">\n\t\t\t\t\t\t\t\t<div class=\"elementor-text-editor elementor-clearfix\">\n\t\t\t\tJak mo\u017cna stosowa\u0107 Nano Srebro.\n\n\t\t\t\t\t<\/div>\n\t\t\t\t\t\t<\/div>\n\t\t\t\t<\/div>\n\t\t\t\t<div class=\"elementor-element elementor-element-1d002bd elementor-widget elementor-widget-text-editor\" data-id=\"1d002bd\" data-element_type=\"widget\" data-widget_type=\"text-editor.default\">\n\t\t\t\t<div class=\"elementor-widget-container\">\n\t\t\t\t\t\t\t\t<div class=\"elementor-text-editor elementor-clearfix\">\n\t\t\t\tZEWN\u0118TRZNIE:\t\t\t\t\t<\/div>\n\t\t\t\t\t\t<\/div>\n\t\t\t\t<\/div>\n\t\t\t\t<div class=\"elementor-element elementor-element-3ab4271 elementor-widget elementor-widget-text-editor\" data-id=\"3ab4271\" data-element_type=\"widget\" data-widget_type=\"text-editor.default\">\n\t\t\t\t<div class=\"elementor-widget-container\">\n\t\t\t\t\t\t\t\t<div class=\"elementor-text-editor elementor-clearfix\">\n\t\t\t\t<ul><li>Oparzenia w tym s\u0142oneczne<\/li><li>Tr\u0105dzik<\/li><li>Wysypka, sw\u0119dzenie sk\u00f3ry<\/li><li>Opryszczka<\/li><li>Zaka\u017cenia dro\u017cd\u017cami<\/li><li>Brodawki mi\u0119kkie sk\u00f3ry<\/li><li>Zmiany sk\u00f3rne<\/li><li>Infekcje uszu i oczu<\/li><li>Ostre zapalenie spoj\u00f3wek<\/li><li>Grzybice sk\u00f3ry<\/li><li>Ospa wietrzna<\/li><li>Zapalenie sk\u00f3ry<\/li><li>Otwarte rany i skaleczenia<\/li><li>Uk\u0105szenia owad\u00f3w<\/li><li>\u0141uszczyca<\/li><li>Kurzajki<\/li><\/ul>\t\t\t\t\t<\/div>\n\t\t\t\t\t\t<\/div>\n\t\t\t\t<\/div>\n\t\t\t\t<div class=\"elementor-element elementor-element-83045eb elementor-widget elementor-widget-text-editor\" data-id=\"83045eb\" data-element_type=\"widget\" data-widget_type=\"text-editor.default\">\n\t\t\t\t<div class=\"elementor-widget-container\">\n\t\t\t\t\t\t\t\t<div class=\"elementor-text-editor elementor-clearfix\">\n\t\t\t\t<p>WEWN\u0118TRZNIE:<\/p>\t\t\t\t\t<\/div>\n\t\t\t\t\t\t<\/div>\n\t\t\t\t<\/div>\n\t\t\t\t<div class=\"elementor-element elementor-element-7dce772 elementor-widget elementor-widget-text-editor\" data-id=\"7dce772\" data-element_type=\"widget\" data-widget_type=\"text-editor.default\">\n\t\t\t\t<div class=\"elementor-widget-container\">\n\t\t\t\t\t\t\t\t<div class=\"elementor-text-editor elementor-clearfix\">\n\t\t\t\t<ul><li>Grypa, katar<\/li><li>Czyraki<\/li><li>Rze\u017c\u0105czka<\/li><li>Czerwonka bakteryjna<\/li><li>Obfite bia\u0142e up\u0142awy<\/li><li>Zatrucie toksynami we krwi<\/li><li>Zapalenie naj\u0105drza<\/li><li>Artretyzm<\/li><li>Posocznica<\/li><li>Cukrzyca<\/li><li>Egzema<\/li><li>Zapalenie \u017co\u0142\u0105dka<\/li><li>Zapalne problemy jelitowe<\/li><li>Zapalenie naczy\u0144 ch\u0142onnych<\/li><li>Malaria<\/li><li>Paso\u017cyty krwi<\/li><li>Przezi\u0119bienia<\/li><li>Przerost prostaty<\/li><li>Koklusz, zapalenie p\u0142uc<\/li><li>Zapalenie migda\u0142k\u00f3w<\/li><li>\u015awi\u0105d odbytu<\/li><li>Dyzenteria<\/li><li>Hemoroidy<\/li><li>Zapalenie p\u0119cherza moczowego<\/li><li>B\u0142onica<\/li><li>R\u00f3\u017cyczka<\/li><li>Zapalenie op\u0142ucnej<\/li><li>Reumatyzm, cholera<\/li><li>P\u00f3\u0142pasiec<\/li><li>Zaka\u017cenia gronkowcami, paciorkowcami<\/li><li>Syfilis<\/li><li>Gru\u017alica<\/li><li>AIDS<\/li><li>Zaka\u017cenia dro\u017cd\u017cami<\/li><li>Zapalenie opon m\u00f3zgowo-rdzeniowych<\/li><li>Zapalenie okr\u0119\u017cnicy, biegunka<\/li><li>Ostry go\u015bciec stawowy<\/li><li>Dur brzuszny<\/li><\/ul>\t\t\t\t\t<\/div>\n\t\t\t\t\t\t<\/div>\n\t\t\t\t<\/div>\n\t\t\t\t<div class=\"elementor-element elementor-element-3f9ad1e elementor-widget elementor-widget-text-editor\" data-id=\"3f9ad1e\" data-element_type=\"widget\" data-widget_type=\"text-editor.default\">\n\t\t\t\t<div class=\"elementor-widget-container\">\n\t\t\t\t\t\t\t\t<div class=\"elementor-text-editor elementor-clearfix\">\n\t\t\t\t<p><em>Opis w\u0142a\u015bciwo\u015bci i mo\u017cliwo\u015bci zastosowanie preparatu ma charakter wy\u0142\u0105cznie informacyjny. W razie choroby skontaktuj si\u0119 z lekarzem i zastosuj si\u0119 do jego zalece\u0144. W \u017cadnym wypadku kuracja preparatem nie zast\u0119puje leczenia prowadzonego przez lekarza. Produkt nie jest lekiem! Wiadomo\u015bci umieszczone na naszej stronie s\u0105 informacjami uzyskanymi z publikacji, badan i eksperyment\u00f3w naukowych. Zastosowanie produktu zale\u017cy tylko i wy\u0142\u0105cznie od inwencji kupuj\u0105cego.<\/em><\/p>\t\t\t\t\t<\/div>\n\t\t\t\t\t\t<\/div>\n\t\t\t\t<\/div>\n\t\t\t\t\t\t<\/div>\n\t\t\t\t\t<\/div>\n\t\t<\/div>\n\t\t\t\t\t\t\t\t<\/div>\n\t\t\t\t\t<\/div>\n\t\t<\/section>\n\t\t\t\t\t\t<\/div>\n\t\t\t\t\t\t<\/div>\n\t\t\t\t\t<\/div>\n\t\t","protected":false},"excerpt":{"rendered":"<p>Lecznicza warto\u015b\u0107 Nanosrebra \u2013 wed\u0142ug literatury medycznej &#8211; polega na tym, \u017ce jest ono naturalnym antybiotykiem upo\u015bledzaj\u0105cym uk\u0142ad enzymatyczny, kt\u00f3ry wszystkie jednokom\u00f3rkowe patogeny wykorzystuj\u0105 w swoim metabolizmie tlenowym. Sprawia to, \u017ce owe patogenne mikroorganizmy i ich wielopostaciowe zmutowane formy gin\u0105 w sze\u015b\u0107 minut przy bezpo\u015brednim kontakcie ze srebrem. Jony srebra posiadaj\u0105 ogromn\u0105 zdolno\u015b\u0107 utleniania czy [&hellip;]<\/p>\n","protected":false},"author":1,"featured_media":0,"parent":0,"menu_order":0,"comment_status":"closed","ping_status":"closed","template":"","meta":[],"_links":{"self":[{"href":"https:\/\/nanobestworld.pl\/index.php\/wp-json\/wp\/v2\/pages\/72"}],"collection":[{"href":"https:\/\/nanobestworld.pl\/index.php\/wp-json\/wp\/v2\/pages"}],"about":[{"href":"https:\/\/nanobestworld.pl\/index.php\/wp-json\/wp\/v2\/types\/page"}],"author":[{"embeddable":true,"href":"https:\/\/nanobestworld.pl\/index.php\/wp-json\/wp\/v2\/users\/1"}],"replies":[{"embeddable":true,"href":"https:\/\/nanobestworld.pl\/index.php\/wp-json\/wp\/v2\/comments?post=72"}],"version-history":[{"count":31,"href":"https:\/\/nanobestworld.pl\/index.php\/wp-json\/wp\/v2\/pages\/72\/revisions"}],"predecessor-version":[{"id":302,"href":"https:\/\/nanobestworld.pl\/index.php\/wp-json\/wp\/v2\/pages\/72\/revisions\/302"}],"wp:attachment":[{"href":"https:\/\/nanobestworld.pl\/index.php\/wp-json\/wp\/v2\/media?parent=72"}],"curies":[{"name":"wp","href":"https:\/\/api.w.org\/{rel}","templated":true}]}}