{"id":76,"date":"2021-10-21T13:39:14","date_gmt":"2021-10-21T11:39:14","guid":{"rendered":"http:\/\/nano.bestoffice.nazwa.pl\/?page_id=76"},"modified":"2021-10-22T15:10:04","modified_gmt":"2021-10-22T13:10:04","slug":"sklad-i-budowa-nano-zlota-i-nano-srebra","status":"publish","type":"page","link":"https:\/\/nanobestworld.pl\/index.php\/sklad-i-budowa-nano-zlota-i-nano-srebra\/","title":{"rendered":"Sk\u0142ad i budowa Nano Z\u0142ota i Nano Srebra"},"content":{"rendered":"\t\t<div data-elementor-type=\"wp-page\" data-elementor-id=\"76\" class=\"elementor elementor-76\" data-elementor-settings=\"[]\">\n\t\t\t\t\t\t<div class=\"elementor-inner\">\n\t\t\t\t\t\t\t<div class=\"elementor-section-wrap\">\n\t\t\t\t\t\t\t<section class=\"elementor-section elementor-top-section elementor-element elementor-element-9e28566 elementor-section-boxed elementor-section-height-default elementor-section-height-default\" data-id=\"9e28566\" data-element_type=\"section\">\n\t\t\t\t\t\t\t<div class=\"elementor-background-overlay\"><\/div>\n\t\t\t\t\t\t\t<div class=\"elementor-container elementor-column-gap-default\">\n\t\t\t\t\t\t\t<div class=\"elementor-row\">\n\t\t\t\t\t<div class=\"elementor-column elementor-col-100 elementor-top-column elementor-element elementor-element-e0bd2e6\" data-id=\"e0bd2e6\" data-element_type=\"column\">\n\t\t\t<div class=\"elementor-column-wrap elementor-element-populated\">\n\t\t\t\t\t\t\t<div class=\"elementor-widget-wrap\">\n\t\t\t\t\t\t<div class=\"elementor-element elementor-element-6d66e62 elementor-widget elementor-widget-text-editor\" data-id=\"6d66e62\" data-element_type=\"widget\" data-widget_type=\"text-editor.default\">\n\t\t\t\t<div class=\"elementor-widget-container\">\n\t\t\t\t\t\t\t\t<div class=\"elementor-text-editor elementor-clearfix\">\n\t\t\t\t<p class=\"center\">Sk\u0142ad preparat\u00f3w<\/p>\t\t\t\t\t<\/div>\n\t\t\t\t\t\t<\/div>\n\t\t\t\t<\/div>\n\t\t\t\t<div class=\"elementor-element elementor-element-3d2d1b5 elementor-widget elementor-widget-image\" data-id=\"3d2d1b5\" data-element_type=\"widget\" data-widget_type=\"image.default\">\n\t\t\t\t<div class=\"elementor-widget-container\">\n\t\t\t\t\t\t\t\t<div class=\"elementor-image\">\n\t\t\t\t\t\t\t\t\t\t\t\t<img width=\"1024\" height=\"667\" src=\"https:\/\/nanobestworld.pl\/wp-content\/uploads\/2021\/10\/CleanShot-2021-10-22-at-15.05.52@2x-1024x667.png\" class=\"attachment-large size-large\" alt=\"\" loading=\"lazy\" srcset=\"https:\/\/nanobestworld.pl\/wp-content\/uploads\/2021\/10\/CleanShot-2021-10-22-at-15.05.52@2x-1024x667.png 1024w, https:\/\/nanobestworld.pl\/wp-content\/uploads\/2021\/10\/CleanShot-2021-10-22-at-15.05.52@2x-300x195.png 300w, https:\/\/nanobestworld.pl\/wp-content\/uploads\/2021\/10\/CleanShot-2021-10-22-at-15.05.52@2x-768x500.png 768w, https:\/\/nanobestworld.pl\/wp-content\/uploads\/2021\/10\/CleanShot-2021-10-22-at-15.05.52@2x.png 1302w\" sizes=\"(max-width: 1024px) 100vw, 1024px\" \/>\t\t\t\t\t\t\t\t\t\t\t\t\t\t<\/div>\n\t\t\t\t\t\t<\/div>\n\t\t\t\t<\/div>\n\t\t\t\t<div class=\"elementor-element elementor-element-af616a1 elementor-widget elementor-widget-text-editor\" data-id=\"af616a1\" data-element_type=\"widget\" data-widget_type=\"text-editor.default\">\n\t\t\t\t<div class=\"elementor-widget-container\">\n\t\t\t\t\t\t\t\t<div class=\"elementor-text-editor elementor-clearfix\">\n\t\t\t\t<p>* tylko taka wielko\u015b\u0107 cz\u0105steczek daje efektywno\u015b\u0107 dzia\u0142ania<\/p>\t\t\t\t\t<\/div>\n\t\t\t\t\t\t<\/div>\n\t\t\t\t<\/div>\n\t\t\t\t\t\t<\/div>\n\t\t\t\t\t<\/div>\n\t\t<\/div>\n\t\t\t\t\t\t\t\t<\/div>\n\t\t\t\t\t<\/div>\n\t\t<\/section>\n\t\t\t\t<section class=\"elementor-section elementor-top-section elementor-element elementor-element-793b228 elementor-section-boxed elementor-section-height-default elementor-section-height-default\" data-id=\"793b228\" data-element_type=\"section\">\n\t\t\t\t\t\t\t<div class=\"elementor-background-overlay\"><\/div>\n\t\t\t\t\t\t\t<div class=\"elementor-container elementor-column-gap-default\">\n\t\t\t\t\t\t\t<div class=\"elementor-row\">\n\t\t\t\t\t<div class=\"elementor-column elementor-col-100 elementor-top-column elementor-element elementor-element-5e358c0\" data-id=\"5e358c0\" data-element_type=\"column\">\n\t\t\t<div class=\"elementor-column-wrap elementor-element-populated\">\n\t\t\t\t\t\t\t<div class=\"elementor-widget-wrap\">\n\t\t\t\t\t\t<div class=\"elementor-element elementor-element-6b28a49 elementor-widget elementor-widget-text-editor\" data-id=\"6b28a49\" data-element_type=\"widget\" data-widget_type=\"text-editor.default\">\n\t\t\t\t<div class=\"elementor-widget-container\">\n\t\t\t\t\t\t\t\t<div class=\"elementor-text-editor elementor-clearfix\">\n\t\t\t\t<p class=\"center\">NANO Z\u0141OTO<\/p>\t\t\t\t\t<\/div>\n\t\t\t\t\t\t<\/div>\n\t\t\t\t<\/div>\n\t\t\t\t<div class=\"elementor-element elementor-element-1ae6a85 elementor-widget elementor-widget-image\" data-id=\"1ae6a85\" data-element_type=\"widget\" data-widget_type=\"image.default\">\n\t\t\t\t<div class=\"elementor-widget-container\">\n\t\t\t\t\t\t\t\t<div class=\"elementor-image\">\n\t\t\t\t\t\t\t\t\t\t\t\t<img width=\"643\" height=\"739\" src=\"https:\/\/nanobestworld.pl\/wp-content\/uploads\/2021\/10\/xsklad_budowa_nanozloto.jpg.pagespeed.ic_.DbjwovaS7X.webp\" class=\"attachment-large size-large\" alt=\"\" loading=\"lazy\" srcset=\"https:\/\/nanobestworld.pl\/wp-content\/uploads\/2021\/10\/xsklad_budowa_nanozloto.jpg.pagespeed.ic_.DbjwovaS7X.webp 643w, https:\/\/nanobestworld.pl\/wp-content\/uploads\/2021\/10\/xsklad_budowa_nanozloto.jpg.pagespeed.ic_.DbjwovaS7X-261x300.webp 261w\" sizes=\"(max-width: 643px) 100vw, 643px\" \/>\t\t\t\t\t\t\t\t\t\t\t\t\t\t<\/div>\n\t\t\t\t\t\t<\/div>\n\t\t\t\t<\/div>\n\t\t\t\t\t\t<\/div>\n\t\t\t\t\t<\/div>\n\t\t<\/div>\n\t\t\t\t\t\t\t\t<\/div>\n\t\t\t\t\t<\/div>\n\t\t<\/section>\n\t\t\t\t<section class=\"elementor-section elementor-top-section elementor-element elementor-element-10e1675 elementor-section-boxed elementor-section-height-default elementor-section-height-default\" data-id=\"10e1675\" data-element_type=\"section\">\n\t\t\t\t\t\t\t<div class=\"elementor-background-overlay\"><\/div>\n\t\t\t\t\t\t\t<div class=\"elementor-container elementor-column-gap-default\">\n\t\t\t\t\t\t\t<div class=\"elementor-row\">\n\t\t\t\t\t<div class=\"elementor-column elementor-col-100 elementor-top-column elementor-element elementor-element-fc6e554\" data-id=\"fc6e554\" data-element_type=\"column\">\n\t\t\t<div class=\"elementor-column-wrap elementor-element-populated\">\n\t\t\t\t\t\t\t<div class=\"elementor-widget-wrap\">\n\t\t\t\t\t\t<div class=\"elementor-element elementor-element-996166e elementor-widget elementor-widget-text-editor\" data-id=\"996166e\" data-element_type=\"widget\" data-widget_type=\"text-editor.default\">\n\t\t\t\t<div class=\"elementor-widget-container\">\n\t\t\t\t\t\t\t\t<div class=\"elementor-text-editor elementor-clearfix\">\n\t\t\t\t<p class=\"center\">NANO SREBRO<\/p>\t\t\t\t\t<\/div>\n\t\t\t\t\t\t<\/div>\n\t\t\t\t<\/div>\n\t\t\t\t<div class=\"elementor-element elementor-element-a832439 elementor-widget elementor-widget-image\" data-id=\"a832439\" data-element_type=\"widget\" data-widget_type=\"image.default\">\n\t\t\t\t<div class=\"elementor-widget-container\">\n\t\t\t\t\t\t\t\t<div class=\"elementor-image\">\n\t\t\t\t\t\t\t\t\t\t\t\t<img width=\"648\" height=\"425\" src=\"https:\/\/nanobestworld.pl\/wp-content\/uploads\/2021\/10\/xsklad_budowa_nanosrebro.jpg.pagespeed.ic_.chtRlas2yZ.webp\" class=\"attachment-large size-large\" alt=\"\" loading=\"lazy\" srcset=\"https:\/\/nanobestworld.pl\/wp-content\/uploads\/2021\/10\/xsklad_budowa_nanosrebro.jpg.pagespeed.ic_.chtRlas2yZ.webp 648w, https:\/\/nanobestworld.pl\/wp-content\/uploads\/2021\/10\/xsklad_budowa_nanosrebro.jpg.pagespeed.ic_.chtRlas2yZ-300x197.webp 300w\" sizes=\"(max-width: 648px) 100vw, 648px\" \/>\t\t\t\t\t\t\t\t\t\t\t\t\t\t<\/div>\n\t\t\t\t\t\t<\/div>\n\t\t\t\t<\/div>\n\t\t\t\t\t\t<\/div>\n\t\t\t\t\t<\/div>\n\t\t<\/div>\n\t\t\t\t\t\t\t\t<\/div>\n\t\t\t\t\t<\/div>\n\t\t<\/section>\n\t\t\t\t\t\t<\/div>\n\t\t\t\t\t\t<\/div>\n\t\t\t\t\t<\/div>\n\t\t","protected":false},"excerpt":{"rendered":"<p>Sk\u0142ad preparat\u00f3w * tylko taka wielko\u015b\u0107 cz\u0105steczek daje efektywno\u015b\u0107 dzia\u0142ania NANO Z\u0141OTO NANO SREBRO<\/p>\n","protected":false},"author":1,"featured_media":0,"parent":0,"menu_order":0,"comment_status":"closed","ping_status":"closed","template":"","meta":[],"_links":{"self":[{"href":"https:\/\/nanobestworld.pl\/index.php\/wp-json\/wp\/v2\/pages\/76"}],"collection":[{"href":"https:\/\/nanobestworld.pl\/index.php\/wp-json\/wp\/v2\/pages"}],"about":[{"href":"https:\/\/nanobestworld.pl\/index.php\/wp-json\/wp\/v2\/types\/page"}],"author":[{"embeddable":true,"href":"https:\/\/nanobestworld.pl\/index.php\/wp-json\/wp\/v2\/users\/1"}],"replies":[{"embeddable":true,"href":"https:\/\/nanobestworld.pl\/index.php\/wp-json\/wp\/v2\/comments?post=76"}],"version-history":[{"count":19,"href":"https:\/\/nanobestworld.pl\/index.php\/wp-json\/wp\/v2\/pages\/76\/revisions"}],"predecessor-version":[{"id":361,"href":"https:\/\/nanobestworld.pl\/index.php\/wp-json\/wp\/v2\/pages\/76\/revisions\/361"}],"wp:attachment":[{"href":"https:\/\/nanobestworld.pl\/index.php\/wp-json\/wp\/v2\/media?parent=76"}],"curies":[{"name":"wp","href":"https:\/\/api.w.org\/{rel}","templated":true}]}}