{"id":87,"date":"2021-10-21T13:40:59","date_gmt":"2021-10-21T11:40:59","guid":{"rendered":"http:\/\/nano.bestoffice.nazwa.pl\/?page_id=87"},"modified":"2021-11-03T14:42:16","modified_gmt":"2021-11-03T13:42:16","slug":"bakteriobojcze-polimery","status":"publish","type":"page","link":"https:\/\/nanobestworld.pl\/index.php\/bakteriobojcze-polimery\/","title":{"rendered":"Bakteriob\u00f3jcze polimery"},"content":{"rendered":"\t\t<div data-elementor-type=\"wp-page\" data-elementor-id=\"87\" class=\"elementor elementor-87\" data-elementor-settings=\"[]\">\n\t\t\t\t\t\t<div class=\"elementor-inner\">\n\t\t\t\t\t\t\t<div class=\"elementor-section-wrap\">\n\t\t\t\t\t\t\t<section class=\"elementor-section elementor-top-section elementor-element elementor-element-d696567 elementor-section-boxed elementor-section-height-default elementor-section-height-default\" data-id=\"d696567\" data-element_type=\"section\">\n\t\t\t\t\t\t\t<div class=\"elementor-background-overlay\"><\/div>\n\t\t\t\t\t\t\t<div class=\"elementor-container elementor-column-gap-default\">\n\t\t\t\t\t\t\t<div class=\"elementor-row\">\n\t\t\t\t\t<div class=\"elementor-column elementor-col-100 elementor-top-column elementor-element elementor-element-867c0b4\" data-id=\"867c0b4\" data-element_type=\"column\">\n\t\t\t<div class=\"elementor-column-wrap elementor-element-populated\">\n\t\t\t\t\t\t\t<div class=\"elementor-widget-wrap\">\n\t\t\t\t\t\t<div class=\"elementor-element elementor-element-491b2c3 elementor-widget elementor-widget-text-editor\" data-id=\"491b2c3\" data-element_type=\"widget\" data-widget_type=\"text-editor.default\">\n\t\t\t\t<div class=\"elementor-widget-container\">\n\t\t\t\t\t\t\t\t<div class=\"elementor-text-editor elementor-clearfix\">\n\t\t\t\tFunkcje i w\u0142a\u015bciwo\u015bci polimer\u00f3w\t\t\t\t\t<\/div>\n\t\t\t\t\t\t<\/div>\n\t\t\t\t<\/div>\n\t\t\t\t<div class=\"elementor-element elementor-element-f4b1ee7 elementor-widget elementor-widget-text-editor\" data-id=\"f4b1ee7\" data-element_type=\"widget\" data-widget_type=\"text-editor.default\">\n\t\t\t\t<div class=\"elementor-widget-container\">\n\t\t\t\t\t\t\t\t<div class=\"elementor-text-editor elementor-clearfix\">\n\t\t\t\t<ul class=\"list\"><li><strong>Funkcja bakteriob\u00f3jcza &#8211; skuteczno\u015b\u0107 99,99 %<\/strong><\/li><li>Prze\u017aroczysto\u015b\u0107 (powy\u017cej 90 %)<\/li><li>B\u0142yszcz\u0105ca powierzchnia<\/li><li>Du\u017ca efektywno\u015b\u0107 biob\u00f3jcza przy ma\u0142ym st\u0119\u017ceniu srebra<\/li><li>Nie zmniejszone w\u0142a\u015bciwo\u015bci fizyczne lub lepsze<\/li><li>Stabilno\u015b\u0107 przy wysokich temperaturach &#8211; powy\u017cej punktu topnienia<\/li><li>Mo\u017cna stosowa\u0107 w kuchenkach mikrofalowych<\/li><li>Niska cena<\/li><\/ul>\t\t\t\t\t<\/div>\n\t\t\t\t\t\t<\/div>\n\t\t\t\t<\/div>\n\t\t\t\t<div class=\"elementor-element elementor-element-fc0f43d elementor-widget elementor-widget-text-editor\" data-id=\"fc0f43d\" data-element_type=\"widget\" data-widget_type=\"text-editor.default\">\n\t\t\t\t<div class=\"elementor-widget-container\">\n\t\t\t\t\t\t\t\t<div class=\"elementor-text-editor elementor-clearfix\">\n\t\t\t\tKorzy\u015bci z zastosowania plastik\u00f3w z NANO SREBREM\t\t\t\t\t<\/div>\n\t\t\t\t\t\t<\/div>\n\t\t\t\t<\/div>\n\t\t\t\t<div class=\"elementor-element elementor-element-0353553 elementor-widget elementor-widget-text-editor\" data-id=\"0353553\" data-element_type=\"widget\" data-widget_type=\"text-editor.default\">\n\t\t\t\t<div class=\"elementor-widget-container\">\n\t\t\t\t\t\t\t\t<div class=\"elementor-text-editor elementor-clearfix\">\n\t\t\t\t<ul class=\"list2\"><li><span class=\"blue_small\">Nowe mo\u017cliwo\u015bci przy opracowywaniu systemu HACCP<\/span> (Hazard Analysis and Critical Control Point System), kt\u00f3ry ma na celu zapewnienie wi\u0119kszego bezpiecze\u0144stwa i jako\u015bci \u017cywno\u015bci.<\/li><li><span class=\"blue_small\">Eliminowanie lub ograniczanie zagro\u017cenia bezpiecze\u0144stwa \u017cywno\u015bci<\/span> &#8211; nowe metody na wszystkich etapach produkcji i dystrybucji.<\/li><li><span class=\"blue_small\">Nowe mo\u017cliwo\u015bci w tworzeniu systemu GMP (Good Manufacturing Practice)<\/span> \u2013 Dobra Praktyka Produkcyjna np. w:<ul class=\"list3\"><li>przygotowanie pomieszcze\u0144 produkcyjnych, socjalnych i magazynowych,<\/li><li>maszyny i urz\u0105dzenia,<\/li><li>przechowywanie i obr\u00f3t surowcami,<\/li><li>higiena osobista,<\/li><li>magazynowanie i dystrybucja.<\/li><\/ul><\/li><li><span class=\"blue_small\">Zmniejszenie zagro\u017cenie zdrowotnego<\/span> poprzez eliminacj\u0119 czynnika o charakterze mikrobiologicznym, kt\u00f3ry mo\u017ce stanowi\u0107 potencjalne \u017ar\u00f3d\u0142o uszczerbku na zdrowiu konsumenta.<\/li><li><span class=\"blue_small\">Przed\u0142u\u017cenie okresu przydatno\u015bci<\/span> do spo\u017cycia produkowanej \u017cywno\u015bci.<\/li><li><span class=\"blue_small\">Wykazanie nale\u017cytej troski<\/span> w dzia\u0142aniach, aby produkt by\u0142 bezpieczny. W sytuacji spornej, kiedy produkt nie spe\u0142nia okre\u015blonych wymaga\u0144, producent lub dostawca mo\u017ce, dzi\u0119ki wykazaniu nale\u017cytej troski w dzia\u0142aniach, mie\u0107 wi\u0119ksze szanse na zwolnienie z odpowiedzialno\u015bci lub znacz\u0105ce z\u0142agodzenie kary.<\/li><li><span class=\"blue_small\">Aspekt marketingowy<\/span> \u2013 zwi\u0119kszenie sprzeda\u017cy, wi\u0119ksze zaufanie u klient\u00f3w itd.<\/li><\/ul>\t\t\t\t\t<\/div>\n\t\t\t\t\t\t<\/div>\n\t\t\t\t<\/div>\n\t\t\t\t<section class=\"elementor-section elementor-inner-section elementor-element elementor-element-3f7dac8 elementor-section-boxed elementor-section-height-default elementor-section-height-default\" data-id=\"3f7dac8\" data-element_type=\"section\">\n\t\t\t\t\t\t<div class=\"elementor-container elementor-column-gap-default\">\n\t\t\t\t\t\t\t<div class=\"elementor-row\">\n\t\t\t\t\t<div class=\"elementor-column elementor-col-50 elementor-inner-column elementor-element elementor-element-b5b48de\" data-id=\"b5b48de\" data-element_type=\"column\">\n\t\t\t<div class=\"elementor-column-wrap elementor-element-populated\">\n\t\t\t\t\t\t\t<div class=\"elementor-widget-wrap\">\n\t\t\t\t\t\t<div class=\"elementor-element elementor-element-ab14b3f elementor-widget elementor-widget-text-editor\" data-id=\"ab14b3f\" data-element_type=\"widget\" data-widget_type=\"text-editor.default\">\n\t\t\t\t<div class=\"elementor-widget-container\">\n\t\t\t\t\t\t\t\t<div class=\"elementor-text-editor elementor-clearfix\">\n\t\t\t\tS\u0141U\u017bBA ZDROWIA I FARMACJA\t\t\t\t\t<\/div>\n\t\t\t\t\t\t<\/div>\n\t\t\t\t<\/div>\n\t\t\t\t<div class=\"elementor-element elementor-element-630de6d elementor-widget elementor-widget-text-editor\" data-id=\"630de6d\" data-element_type=\"widget\" data-widget_type=\"text-editor.default\">\n\t\t\t\t<div class=\"elementor-widget-container\">\n\t\t\t\t\t\t\t\t<div class=\"elementor-text-editor elementor-clearfix\">\n\t\t\t\t<p><strong>Aparatura medyczna<\/strong><br \/>Aparatura, w kt\u00f3rej pow\u0142oki farb i elementy plastikowe wykonane s\u0105 z u\u017cyciem komponent\u00f3w NANO SREBRA gwarantuj\u0105 sterylno\u015b\u0107.<\/p><p><strong>Sale operacyjne i pokoje zabiegowe<\/strong><br \/>\u015aciany i sufity zaimpregnowane lub pomalowane farbami z NANO SREBREM. Pod\u0142ogi, fugi i wszelkie zakamarki mo\u017cna zaimpregnowa\u0107 tak aby mia\u0142y w\u0142a\u015bciwo\u015bci bakteriob\u00f3jcze jak nigdy dot\u0105d. Mycie pod\u0142\u00f3g na bie\u017c\u0105co wod\u0105 z NANO SREBREM.<\/p>\t\t\t\t\t<\/div>\n\t\t\t\t\t\t<\/div>\n\t\t\t\t<\/div>\n\t\t\t\t\t\t<\/div>\n\t\t\t\t\t<\/div>\n\t\t<\/div>\n\t\t\t\t<div class=\"elementor-column elementor-col-50 elementor-inner-column elementor-element elementor-element-438ba99\" data-id=\"438ba99\" data-element_type=\"column\">\n\t\t\t<div class=\"elementor-column-wrap elementor-element-populated\">\n\t\t\t\t\t\t\t<div class=\"elementor-widget-wrap\">\n\t\t\t\t\t\t<div class=\"elementor-element elementor-element-d922ecc elementor-widget elementor-widget-image\" data-id=\"d922ecc\" data-element_type=\"widget\" data-widget_type=\"image.default\">\n\t\t\t\t<div class=\"elementor-widget-container\">\n\t\t\t\t\t\t\t\t<div class=\"elementor-image\">\n\t\t\t\t\t\t\t\t\t\t\t\t<img width=\"257\" height=\"139\" src=\"https:\/\/nanobestworld.pl\/wp-content\/uploads\/2021\/11\/xpolimery_odziez_ochronna.jpg.pagespeed.ic_.yWvFKTKbZn.webp\" class=\"attachment-large size-large\" alt=\"\" loading=\"lazy\" \/>\t\t\t\t\t\t\t\t\t\t\t\t\t\t<\/div>\n\t\t\t\t\t\t<\/div>\n\t\t\t\t<\/div>\n\t\t\t\t<div class=\"elementor-element elementor-element-8d53bf6 elementor-widget elementor-widget-image\" data-id=\"8d53bf6\" data-element_type=\"widget\" data-widget_type=\"image.default\">\n\t\t\t\t<div class=\"elementor-widget-container\">\n\t\t\t\t\t\t\t\t<div class=\"elementor-image\">\n\t\t\t\t\t\t\t\t\t\t\t\t<img width=\"256\" height=\"140\" src=\"https:\/\/nanobestworld.pl\/wp-content\/uploads\/2021\/11\/xpolimery_sluzba_zdrowia.jpg.pagespeed.ic_.uXfTQ70I6E.webp\" class=\"attachment-large size-large\" alt=\"\" loading=\"lazy\" \/>\t\t\t\t\t\t\t\t\t\t\t\t\t\t<\/div>\n\t\t\t\t\t\t<\/div>\n\t\t\t\t<\/div>\n\t\t\t\t\t\t<\/div>\n\t\t\t\t\t<\/div>\n\t\t<\/div>\n\t\t\t\t\t\t\t\t<\/div>\n\t\t\t\t\t<\/div>\n\t\t<\/section>\n\t\t\t\t<section class=\"elementor-section elementor-inner-section elementor-element elementor-element-3537326 elementor-section-boxed elementor-section-height-default elementor-section-height-default\" data-id=\"3537326\" data-element_type=\"section\">\n\t\t\t\t\t\t<div class=\"elementor-container elementor-column-gap-default\">\n\t\t\t\t\t\t\t<div class=\"elementor-row\">\n\t\t\t\t\t<div class=\"elementor-column elementor-col-50 elementor-inner-column elementor-element elementor-element-863ac61\" data-id=\"863ac61\" data-element_type=\"column\">\n\t\t\t<div class=\"elementor-column-wrap elementor-element-populated\">\n\t\t\t\t\t\t\t<div class=\"elementor-widget-wrap\">\n\t\t\t\t\t\t<div class=\"elementor-element elementor-element-f4e1f1a elementor-widget elementor-widget-text-editor\" data-id=\"f4e1f1a\" data-element_type=\"widget\" data-widget_type=\"text-editor.default\">\n\t\t\t\t<div class=\"elementor-widget-container\">\n\t\t\t\t\t\t\t\t<div class=\"elementor-text-editor elementor-clearfix\">\n\t\t\t\t<p><strong>Odzie\u017c ochronna, materace i po\u015bciel<\/strong><br \/>Zaimpregnowane NANO SREBREM posiadaj\u0105 w\u0142a\u015bciwo\u015bci bakteriob\u00f3jcze &#8211; dzia\u0142anie permanentne. Wyp\u0142ukiwanie drobin srebra w czasie prania znikome. Impregnacj\u0119 mo\u017cna powt\u00f3rzy\u0107 po 50-ciu praniach.<br \/>Odzie\u017c ochronna<\/p><p><strong>Banda\u017ce, opaski, opatrunki<\/strong><br \/>Skutecznie potrafi\u0105 chroni\u0107 przed bakteriami z zewn\u0105trz opatrunku i przeciwdzia\u0142aj\u0105 rozwojowi bakterii pod opatrunkiem znacznie lepiej ni\u017c dotychczasowe rozwi\u0105zania. Niezauwa\u017calny koszt zastosowania NANO SREBRA jest czynnikiem upowszechniaj\u0105cym jego stosowanie.<\/p>\t\t\t\t\t<\/div>\n\t\t\t\t\t\t<\/div>\n\t\t\t\t<\/div>\n\t\t\t\t\t\t<\/div>\n\t\t\t\t\t<\/div>\n\t\t<\/div>\n\t\t\t\t<div class=\"elementor-column elementor-col-50 elementor-inner-column elementor-element elementor-element-1491b63\" data-id=\"1491b63\" data-element_type=\"column\">\n\t\t\t<div class=\"elementor-column-wrap elementor-element-populated\">\n\t\t\t\t\t\t\t<div class=\"elementor-widget-wrap\">\n\t\t\t\t\t\t<div class=\"elementor-element elementor-element-7d2b271 elementor-widget elementor-widget-image\" data-id=\"7d2b271\" data-element_type=\"widget\" data-widget_type=\"image.default\">\n\t\t\t\t<div class=\"elementor-widget-container\">\n\t\t\t\t\t\t\t\t<div class=\"elementor-image\">\n\t\t\t\t\t\t\t\t\t\t\t\t<img width=\"257\" height=\"139\" src=\"https:\/\/nanobestworld.pl\/wp-content\/uploads\/2021\/11\/xpolimery_bandaze.jpg.pagespeed.ic_.wkQ8tP4d0f.webp\" class=\"attachment-large size-large\" alt=\"\" loading=\"lazy\" \/>\t\t\t\t\t\t\t\t\t\t\t\t\t\t<\/div>\n\t\t\t\t\t\t<\/div>\n\t\t\t\t<\/div>\n\t\t\t\t\t\t<\/div>\n\t\t\t\t\t<\/div>\n\t\t<\/div>\n\t\t\t\t\t\t\t\t<\/div>\n\t\t\t\t\t<\/div>\n\t\t<\/section>\n\t\t\t\t<section class=\"elementor-section elementor-inner-section elementor-element elementor-element-a1cd155 elementor-section-boxed elementor-section-height-default elementor-section-height-default\" data-id=\"a1cd155\" data-element_type=\"section\">\n\t\t\t\t\t\t<div class=\"elementor-container elementor-column-gap-default\">\n\t\t\t\t\t\t\t<div class=\"elementor-row\">\n\t\t\t\t\t<div class=\"elementor-column elementor-col-50 elementor-inner-column elementor-element elementor-element-d4b49f0\" data-id=\"d4b49f0\" data-element_type=\"column\">\n\t\t\t<div class=\"elementor-column-wrap elementor-element-populated\">\n\t\t\t\t\t\t\t<div class=\"elementor-widget-wrap\">\n\t\t\t\t\t\t<div class=\"elementor-element elementor-element-003198e elementor-widget elementor-widget-text-editor\" data-id=\"003198e\" data-element_type=\"widget\" data-widget_type=\"text-editor.default\">\n\t\t\t\t<div class=\"elementor-widget-container\">\n\t\t\t\t\t\t\t\t<div class=\"elementor-text-editor elementor-clearfix\">\n\t\t\t\t<p><strong>Jednorazowy i wielorazowy sprz\u0119t medyczny,ig\u0142y, strzykawki, r\u0119kawiczki, maski, respiratory, inhalatory<\/strong><br \/>100 % sterylno\u015bci przy zastosowaniu tworzyw z NANO SREBREM. Przydatne dla respirator\u00f3w, inhalator\u00f3w, aparatury do spirometrii i endoskopii z uwagi na gro\u017ab\u0119 zaka\u017cenia bakteriami na skutek niedok\u0142adnego mycia (w szpitalach bakterie legionelli s\u0105 przyczyn\u0105 po\u0142owy przypadk\u00f3w zapalenia p\u0142uc).<\/p>\t\t\t\t\t<\/div>\n\t\t\t\t\t\t<\/div>\n\t\t\t\t<\/div>\n\t\t\t\t\t\t<\/div>\n\t\t\t\t\t<\/div>\n\t\t<\/div>\n\t\t\t\t<div class=\"elementor-column elementor-col-50 elementor-inner-column elementor-element elementor-element-b14af8c\" data-id=\"b14af8c\" data-element_type=\"column\">\n\t\t\t<div class=\"elementor-column-wrap elementor-element-populated\">\n\t\t\t\t\t\t\t<div class=\"elementor-widget-wrap\">\n\t\t\t\t\t\t<div class=\"elementor-element elementor-element-d2e276c elementor-widget elementor-widget-image\" data-id=\"d2e276c\" data-element_type=\"widget\" data-widget_type=\"image.default\">\n\t\t\t\t<div class=\"elementor-widget-container\">\n\t\t\t\t\t\t\t\t<div class=\"elementor-image\">\n\t\t\t\t\t\t\t\t\t\t\t\t<img width=\"257\" height=\"139\" src=\"https:\/\/nanobestworld.pl\/wp-content\/uploads\/2021\/11\/xpolimery_strzykawki.jpg.pagespeed.ic_.4kWIsN6Wwu.webp\" class=\"attachment-large size-large\" alt=\"\" loading=\"lazy\" \/>\t\t\t\t\t\t\t\t\t\t\t\t\t\t<\/div>\n\t\t\t\t\t\t<\/div>\n\t\t\t\t<\/div>\n\t\t\t\t\t\t<\/div>\n\t\t\t\t\t<\/div>\n\t\t<\/div>\n\t\t\t\t\t\t\t\t<\/div>\n\t\t\t\t\t<\/div>\n\t\t<\/section>\n\t\t\t\t<section class=\"elementor-section elementor-inner-section elementor-element elementor-element-7eec751 elementor-section-boxed elementor-section-height-default elementor-section-height-default\" data-id=\"7eec751\" data-element_type=\"section\">\n\t\t\t\t\t\t<div class=\"elementor-container elementor-column-gap-default\">\n\t\t\t\t\t\t\t<div class=\"elementor-row\">\n\t\t\t\t\t<div class=\"elementor-column elementor-col-50 elementor-inner-column elementor-element elementor-element-88d92c1\" data-id=\"88d92c1\" data-element_type=\"column\">\n\t\t\t<div class=\"elementor-column-wrap elementor-element-populated\">\n\t\t\t\t\t\t\t<div class=\"elementor-widget-wrap\">\n\t\t\t\t\t\t<div class=\"elementor-element elementor-element-c12bc86 elementor-widget elementor-widget-text-editor\" data-id=\"c12bc86\" data-element_type=\"widget\" data-widget_type=\"text-editor.default\">\n\t\t\t\t<div class=\"elementor-widget-container\">\n\t\t\t\t\t\t\t\t<div class=\"elementor-text-editor elementor-clearfix\">\n\t\t\t\t<p><strong>Sale chorych, poczekalnie i pokoje lekarzy<\/strong><br \/>Najwi\u0119cej bakterii, kt\u00f3rymi mo\u017cna si\u0119 zarazi\u0107, jest w szpitalu. Cz\u0119sto zabiegi ko\u0144cz\u0105 si\u0119 infekcj\u0105 nie zwi\u0105zan\u0105 z zabiegiem. Infekcje nabyte w szpitalu trafiaj\u0105 si\u0119 10 ~ 17 % pacjent\u00f3w i to w krajach o wysokim standardzie medycyny. Sta\u0142a funkcja bakteriob\u00f3jcza jest wi\u0119c w szpitalach wyj\u0105tkowo po\u017c\u0105dana. Dzi\u0119ki zastosowaniu NANO SREBRA pod\u0142ogi, \u015bciany, sufity, parapety, kaloryfery, \u0142\u00f3\u017cka, szafki, biurka i wiele innych mebli mo\u017ce by\u0107 wyposa\u017conych w funkcj\u0119 bakteriob\u00f3jcz\u0105. Bakterie nie mog\u0105 uodporni\u0107 si\u0119 na srebro jak to si\u0119 dzieje przy zwalczaniu ich antybiotykami.<\/p>\t\t\t\t\t<\/div>\n\t\t\t\t\t\t<\/div>\n\t\t\t\t<\/div>\n\t\t\t\t\t\t<\/div>\n\t\t\t\t\t<\/div>\n\t\t<\/div>\n\t\t\t\t<div class=\"elementor-column elementor-col-50 elementor-inner-column elementor-element elementor-element-d324233\" data-id=\"d324233\" data-element_type=\"column\">\n\t\t\t<div class=\"elementor-column-wrap elementor-element-populated\">\n\t\t\t\t\t\t\t<div class=\"elementor-widget-wrap\">\n\t\t\t\t\t\t<div class=\"elementor-element elementor-element-eeaff5f elementor-widget elementor-widget-image\" data-id=\"eeaff5f\" data-element_type=\"widget\" data-widget_type=\"image.default\">\n\t\t\t\t<div class=\"elementor-widget-container\">\n\t\t\t\t\t\t\t\t<div class=\"elementor-image\">\n\t\t\t\t\t\t\t\t\t\t\t\t<img width=\"257\" height=\"139\" src=\"https:\/\/nanobestworld.pl\/wp-content\/uploads\/2021\/11\/xpolimery_sale_chorych.jpg.pagespeed.ic_.Hxzxb8KzZI.webp\" class=\"attachment-large size-large\" alt=\"\" loading=\"lazy\" \/>\t\t\t\t\t\t\t\t\t\t\t\t\t\t<\/div>\n\t\t\t\t\t\t<\/div>\n\t\t\t\t<\/div>\n\t\t\t\t\t\t<\/div>\n\t\t\t\t\t<\/div>\n\t\t<\/div>\n\t\t\t\t\t\t\t\t<\/div>\n\t\t\t\t\t<\/div>\n\t\t<\/section>\n\t\t\t\t<section class=\"elementor-section elementor-inner-section elementor-element elementor-element-23b90a7 elementor-section-boxed elementor-section-height-default elementor-section-height-default\" data-id=\"23b90a7\" data-element_type=\"section\">\n\t\t\t\t\t\t<div class=\"elementor-container elementor-column-gap-default\">\n\t\t\t\t\t\t\t<div class=\"elementor-row\">\n\t\t\t\t\t<div class=\"elementor-column elementor-col-50 elementor-inner-column elementor-element elementor-element-af22132\" data-id=\"af22132\" data-element_type=\"column\">\n\t\t\t<div class=\"elementor-column-wrap elementor-element-populated\">\n\t\t\t\t\t\t\t<div class=\"elementor-widget-wrap\">\n\t\t\t\t\t\t<div class=\"elementor-element elementor-element-ee304ac elementor-widget elementor-widget-text-editor\" data-id=\"ee304ac\" data-element_type=\"widget\" data-widget_type=\"text-editor.default\">\n\t\t\t\t<div class=\"elementor-widget-container\">\n\t\t\t\t\t\t\t\t<div class=\"elementor-text-editor elementor-clearfix\">\n\t\t\t\t<p><strong>Farmacja i kosmetyka<\/strong><br \/>Dodatkowo NANO SREBRO mo\u017cna u\u017cywa\u0107 jako komponent krem\u00f3w, \u017celi i ma\u015bci. Zastosowanie wsz\u0119dzie tam gdzie po\u017c\u0105dane jest dzia\u0142anie biob\u00f3jcze o wyd\u0142u\u017conym dzia\u0142aniu.<\/p>\t\t\t\t\t<\/div>\n\t\t\t\t\t\t<\/div>\n\t\t\t\t<\/div>\n\t\t\t\t\t\t<\/div>\n\t\t\t\t\t<\/div>\n\t\t<\/div>\n\t\t\t\t<div class=\"elementor-column elementor-col-50 elementor-inner-column elementor-element elementor-element-ea7db95\" data-id=\"ea7db95\" data-element_type=\"column\">\n\t\t\t<div class=\"elementor-column-wrap elementor-element-populated\">\n\t\t\t\t\t\t\t<div class=\"elementor-widget-wrap\">\n\t\t\t\t\t\t<div class=\"elementor-element elementor-element-562ab0a elementor-widget elementor-widget-image\" data-id=\"562ab0a\" data-element_type=\"widget\" data-widget_type=\"image.default\">\n\t\t\t\t<div class=\"elementor-widget-container\">\n\t\t\t\t\t\t\t\t<div class=\"elementor-image\">\n\t\t\t\t\t\t\t\t\t\t\t\t<img width=\"257\" height=\"139\" src=\"https:\/\/nanobestworld.pl\/wp-content\/uploads\/2021\/11\/xpolimery_farmacja.jpg.pagespeed.ic_.IETTKXNYqq.webp\" class=\"attachment-large size-large\" alt=\"\" loading=\"lazy\" \/>\t\t\t\t\t\t\t\t\t\t\t\t\t\t<\/div>\n\t\t\t\t\t\t<\/div>\n\t\t\t\t<\/div>\n\t\t\t\t\t\t<\/div>\n\t\t\t\t\t<\/div>\n\t\t<\/div>\n\t\t\t\t\t\t\t\t<\/div>\n\t\t\t\t\t<\/div>\n\t\t<\/section>\n\t\t\t\t\t\t<\/div>\n\t\t\t\t\t<\/div>\n\t\t<\/div>\n\t\t\t\t\t\t\t\t<\/div>\n\t\t\t\t\t<\/div>\n\t\t<\/section>\n\t\t\t\t\t\t<\/div>\n\t\t\t\t\t\t<\/div>\n\t\t\t\t\t<\/div>\n\t\t","protected":false},"excerpt":{"rendered":"<p>Funkcje i w\u0142a\u015bciwo\u015bci polimer\u00f3w Funkcja bakteriob\u00f3jcza &#8211; skuteczno\u015b\u0107 99,99 % Prze\u017aroczysto\u015b\u0107 (powy\u017cej 90 %) B\u0142yszcz\u0105ca powierzchnia Du\u017ca efektywno\u015b\u0107 biob\u00f3jcza przy ma\u0142ym st\u0119\u017ceniu srebra Nie zmniejszone w\u0142a\u015bciwo\u015bci fizyczne lub lepsze Stabilno\u015b\u0107 przy wysokich temperaturach &#8211; powy\u017cej punktu topnienia Mo\u017cna stosowa\u0107 w kuchenkach mikrofalowych Niska cena Korzy\u015bci z zastosowania plastik\u00f3w z NANO SREBREM Nowe mo\u017cliwo\u015bci przy opracowywaniu [&hellip;]<\/p>\n","protected":false},"author":1,"featured_media":0,"parent":0,"menu_order":0,"comment_status":"closed","ping_status":"closed","template":"","meta":[],"_links":{"self":[{"href":"https:\/\/nanobestworld.pl\/index.php\/wp-json\/wp\/v2\/pages\/87"}],"collection":[{"href":"https:\/\/nanobestworld.pl\/index.php\/wp-json\/wp\/v2\/pages"}],"about":[{"href":"https:\/\/nanobestworld.pl\/index.php\/wp-json\/wp\/v2\/types\/page"}],"author":[{"embeddable":true,"href":"https:\/\/nanobestworld.pl\/index.php\/wp-json\/wp\/v2\/users\/1"}],"replies":[{"embeddable":true,"href":"https:\/\/nanobestworld.pl\/index.php\/wp-json\/wp\/v2\/comments?post=87"}],"version-history":[{"count":17,"href":"https:\/\/nanobestworld.pl\/index.php\/wp-json\/wp\/v2\/pages\/87\/revisions"}],"predecessor-version":[{"id":418,"href":"https:\/\/nanobestworld.pl\/index.php\/wp-json\/wp\/v2\/pages\/87\/revisions\/418"}],"wp:attachment":[{"href":"https:\/\/nanobestworld.pl\/index.php\/wp-json\/wp\/v2\/media?parent=87"}],"curies":[{"name":"wp","href":"https:\/\/api.w.org\/{rel}","templated":true}]}}