{"id":89,"date":"2021-10-21T13:41:10","date_gmt":"2021-10-21T11:41:10","guid":{"rendered":"http:\/\/nano.bestoffice.nazwa.pl\/?page_id=89"},"modified":"2021-11-03T14:50:59","modified_gmt":"2021-11-03T13:50:59","slug":"ogolne-zastosowanie-nano-srebra","status":"publish","type":"page","link":"https:\/\/nanobestworld.pl\/index.php\/ogolne-zastosowanie-nano-srebra\/","title":{"rendered":"Og\u00f3lne zastosowanie Nano Srebra"},"content":{"rendered":"\t\t<div data-elementor-type=\"wp-page\" data-elementor-id=\"89\" class=\"elementor elementor-89\" data-elementor-settings=\"[]\">\n\t\t\t\t\t\t<div class=\"elementor-inner\">\n\t\t\t\t\t\t\t<div class=\"elementor-section-wrap\">\n\t\t\t\t\t\t\t<section class=\"elementor-section elementor-top-section elementor-element elementor-element-1a1fe32 elementor-section-boxed elementor-section-height-default elementor-section-height-default\" data-id=\"1a1fe32\" data-element_type=\"section\">\n\t\t\t\t\t\t\t<div class=\"elementor-background-overlay\"><\/div>\n\t\t\t\t\t\t\t<div class=\"elementor-container elementor-column-gap-default\">\n\t\t\t\t\t\t\t<div class=\"elementor-row\">\n\t\t\t\t\t<div class=\"elementor-column elementor-col-100 elementor-top-column elementor-element elementor-element-767ef54\" data-id=\"767ef54\" data-element_type=\"column\">\n\t\t\t<div class=\"elementor-column-wrap elementor-element-populated\">\n\t\t\t\t\t\t\t<div class=\"elementor-widget-wrap\">\n\t\t\t\t\t\t<div class=\"elementor-element elementor-element-5b171ed elementor-widget elementor-widget-text-editor\" data-id=\"5b171ed\" data-element_type=\"widget\" data-widget_type=\"text-editor.default\">\n\t\t\t\t<div class=\"elementor-widget-container\">\n\t\t\t\t\t\t\t\t<div class=\"elementor-text-editor elementor-clearfix\">\n\t\t\t\t<p class=\"text\"><strong>NANO SREBRO to \u015brodek biob\u00f3jczy nowej generacji gdy\u017c:<\/strong><\/p><ul class=\"list\"><li>w przeciwie\u0144stwie do dotychczasowych \u015brodk\u00f3w dzia\u0142a permanentnie i ju\u017c po kilku minutach od zastosowania,<\/li><li>jego produkcja jest mo\u017cliwa dzi\u0119ki nanotechnologii,<\/li><li>wykazuje skuteczno\u015b\u0107 na poziomie 99,99 %,<\/li><li>jest \u015brodkiem bezwonnym na bazie wody neutralizuj\u0105cym zapachy,<\/li><li>jest przyjazny dla alergik\u00f3w,<\/li><li>sk\u0142ada si\u0119 z nanocz\u0105stek srebra (lub srebra i krzemionki), kt\u00f3re s\u0105 znane medycynie jako bezpieczne dla ludzkiego organizmu (w rozs\u0105dnych ilo\u015bciach),<\/li><li>przynosi olbrzymie korzy\u015bci przy niskiej cenie zakupu,<\/li><li>chroni \u015brodowisko naturalne poprzez eliminowanie zwi\u0105zk\u00f3w chloru,<\/li><li>ekologiczny.<\/li><\/ul><p class=\"text\"><span class=\"blue_small\">Produkt NANO SREBRO<\/span> to koncentrat o wysokim st\u0119\u017ceniu nanocz\u0105steczek srebra. <em>(ang.: parts per milion<\/em>) &#8211; okre\u015bla ile cz\u0105stek nano srebra przypada na milion cz\u0105stek roztworu. St\u0119\u017cenie 250 mg\/l oznacza, i\u017c roztw\u00f3r zawiera 250 ppm nano srebra. W zastosowaniach nale\u017cy rozcie\u0144cza\u0107 najlepiej dejonizowan\u0105 (demineralizowan\u0105) wod\u0105 w stosunku 1 ~ 50 mg\/l (1 ~ 50 ppm).<\/p><p class=\"text\"><strong>NANO SREBRO mo\u017cna stosowa\u0107 do:<\/strong><\/p><ul class=\"list\"><li style=\"list-style-type: none;\"><ul class=\"list\"><li><p><span class=\"text\">farb wodorozcie\u0144czalnych<\/span> &#8211; w celu konserwacji i nadania w\u0142a\u015bciwo\u015bci bakteriob\u00f3jczych, <span class=\"blue_small\">klej\u00f3w i zapraw proszkowych<\/span> &#8211; w celu nadania w\u0142a\u015bciwo\u015bci bakteriob\u00f3jczych,<\/p><\/li><li><span class=\"blue_small\">gum maj\u0105cych kontakt z \u017cywno\u015bci\u0105 i \u015brodkami \u017cywienia zwierz\u0105t<\/span> &#8211; w celu konserwacji i nadania w\u0142a\u015bciwo\u015bci bakteriob\u00f3jczych, g\u0105bek &#8211; w celu dezynfekcji, konserwacji i nadania w\u0142a\u015bciwo\u015bci bakteriob\u00f3jczych,<\/li><li><span class=\"blue_small\">tkanin (skarpety, bielizna, koszule, r\u0119czniki itp.)<\/span> &#8211; w celu dezynfekcji, konserwacji i nadania w\u0142a\u015bciwo\u015bci bakteriob\u00f3jczych,<\/li><\/ul><\/li><\/ul><p>\u00a0<\/p><ul class=\"list\"><li style=\"list-style-type: none;\"><ul class=\"list\"><li><span class=\"blue_small\">artyku\u0142\u00f3w sk\u00f3rzanych (obuwie, tapicerka meblowa i samochodowa itp.)<\/span> &#8211; w celu dezynfekcji, konserwacji i nadania w\u0142a\u015bciwo\u015bci bakteriob\u00f3jczych,<\/li><\/ul><\/li><\/ul><p>\u00a0<\/p><ul class=\"list\"><li style=\"list-style-type: none;\"><ul class=\"list\"><li><span class=\"blue_small\">artyku\u0142\u00f3w medycznych i sanitarnych<\/span> (materace, po\u015bciel, fartuchy, \u015brodki opatrunkowe, banda\u017ce, podpaski, chusteczki, itp.) &#8211; w celu dezynfekcji, konserwacji i nadania w\u0142a\u015bciwo\u015bci bakteriob\u00f3jczych,<\/li><\/ul><\/li><\/ul><ul class=\"list\"><li style=\"list-style-type: none;\"><ul class=\"list\"><li><span class=\"blue_small\">miejsc hodowli, przetrzymywania i transportu zwierz\u0105t (\u015bciany, sufity, legowiska, kojce, okrycia itp.)<\/span> &#8211; w celu dezynfekcji, konserwacji i nadania w\u0142a\u015bciwo\u015bci bakteriob\u00f3jczych,<\/li><\/ul><\/li><\/ul><ul class=\"list\"><li style=\"list-style-type: none;\"><ul class=\"list\"><li><span class=\"blue_small\">artyku\u0142\u00f3w u\u017cytku codziennego (firany, zas\u0142ony, dywany, wyk\u0142adziny, meble tapicerowane, filtry oczyszczaj\u0105ce powietrze, myjki, itp.)<\/span> &#8211; w celu dezynfekcji, konserwacji i nadania w\u0142a\u015bciwo\u015bci bakteriob\u00f3jczych,<\/li><\/ul><\/li><\/ul><ul class=\"list\"><li style=\"list-style-type: none;\"><ul class=\"list\"><li><span class=\"blue_small\">przegr\u00f3d budowlanych (tapety, wewn\u0119trzne \u015bciany malowane, tynkowe i betonowe itp.)<\/span> &#8211; w celu dezynfekcji, konserwacji i nadania w\u0142a\u015bciwo\u015bci bakteriob\u00f3jczych,<\/li><\/ul><\/li><\/ul><ul class=\"list\"><li style=\"list-style-type: none;\"><ul class=\"list\"><li><span class=\"blue_small\">zabawek (klocki, maskotki pluszowe itp.<\/span>) &#8211; w celu dezynfekcji, konserwacji i nadania w\u0142a\u015bciwo\u015bci bakteriob\u00f3jczych,<\/li><\/ul><\/li><\/ul><ul class=\"list\"><li style=\"list-style-type: none;\"><ul class=\"list\"><li><span class=\"blue_small\">wyrob\u00f3w w opakowaniach zamkni\u0119tych (pianki, \u017cele, pasty itp.) <\/span>&#8211; w celu konserwacji i nadania w\u0142a\u015bciwo\u015bci bakteriob\u00f3jczych,<\/li><\/ul><\/li><\/ul><ul class=\"list\"><li style=\"list-style-type: none;\"><ul class=\"list\"><li><span class=\"blue_small\">konserwacji wody i p\u0142yn\u00f3w w procesach technologicznych (uk\u0142ady ogrzewania, ch\u0142odzenia itp.<\/span>) &#8211; w celu konserwacji i nadania w\u0142a\u015bciwo\u015bci bakteriob\u00f3jczych,<\/li><\/ul><\/li><li style=\"list-style-type: none;\"><ul class=\"list\"><li><span class=\"blue_small\">wody w basenach k\u0105pielowych, akwariach i innych zbiornikach &#8211; w celu dezynfekcji i nadania w\u0142a\u015bciwo\u015bci bakteriob\u00f3jczych,<\/span><\/li>produkt\u00f3w biob\u00f3jczych do higieny cz\u0142owieka.<\/ul><\/li><\/ul><p class=\"text\">Rozcie\u0144czanie demineralizowan\u0105 wod\u0105 zapobiegnie ciemnieniu roztworu.<\/p><p class=\"text\">Przed rozcie\u0144czaniem energicznie wymiesza\u0107 przez wstrz\u0105sanie opakowaniem przez ok. 1\u2013ej minuty!<\/p><p class=\"text\"><strong>Jakie st\u0119\u017cenia stosowa\u0107?<\/strong><\/p><ul class=\"list\"><li>Przy dezynfekcji powierzchni stosowa\u0107 st\u0119\u017cenia roztwor\u00f3w 1 ~ 10 ppm. Nanosi\u0107 g\u0105bk\u0105, myjk\u0105 lub natryskowo. Pozwoli\u0107 odparowa\u0107 wodzie. Po odparowaniu na powierzchniach hydrofobowych (odpychaj\u0105cych wod\u0119) utworzy si\u0119 pow\u0142oka o w\u0142a\u015bciwo\u015bciach biob\u00f3jczych. Gdzie to mo\u017cliwe nale\u017cy stosowa\u0107 dezynfekcj\u0119 przez zanurzenie w roztworze.<\/li><li>Jako sk\u0142adnik p\u0142ynnych produkt\u00f3w biob\u00f3jczych do higieny cz\u0142owieka (jak dezodoranty, myd\u0142a w p\u0142ynie) stosowa\u0107 st\u0119\u017cenie 5 ~ 8 ppm srebra w stosunku do masy gotowego produktu, dla myde\u0142 w kostce st\u0119\u017cenie 20 ~ 50 ppm.<\/li><li>W plastikach, g\u0105bkach i farbach: 20 ~ 200 ppm w stosunku do masy gotowego produktu.<\/li><li>Dla wyrob\u00f3w w opakowaniach zamkni\u0119tych stosowa\u0107 20 ~ 50 ppm.<\/li><li>Impregnowa\u0107 nale\u017cy suche pod\u0142o\u017ce (tkanin\u0119, \u015bcian\u0119, papier itp.). Nanoszenie mo\u017ce si\u0119 odbywa\u0107 metod\u0105 natryskow\u0105 lub gdzie to jest mo\u017cliwe przez zanurzenie (najlepiej z wygniataniem w roztworze). Po zastosowaniu metody zanurzeniowej tkanin\u0119 nale\u017cy mocno wykr\u0119ci\u0107.<\/li><li>Przy impregnacji r\u0119cznik\u00f3w, po\u015bcieli, koszul stosowa\u0107: 5 ~ 10 ppm, dla skarpet i but\u00f3w: 20 ~ 40 ppm.<\/li><li>Dla \u015bcian i sufit\u00f3w stosowa\u0107 opryski st\u0119\u017ceniem 10~20 ppm, do dywan\u00f3w i wyk\u0142adzin dywanowych 20 ~ 50 ppm .<\/li><li>Temperatura nanoszenia: 5 ~ 25 \u00baC , wilgotno\u015b\u0107 przy nanoszeniu natryskowym do 80%.<\/li><li>Ka\u017cdorazowo przy myciu pod\u0142\u00f3g stosowa\u0107 1~ 5 ppm.<\/li><\/ul><p class=\"text\"><strong>Wydajno\u015b\u0107<\/strong><\/p><p class=\"text\">Uzale\u017cniona od w\u0142a\u015bciwo\u015bci wsi\u0105kania do pod\u0142o\u017ca, zw\u0142aszcza przy zanurzeniowej metodzie nanoszenia. Przyjmuje si\u0119, \u017ce tkanina (wykr\u0119cona po impregnacji) przyjmuje \u015brednio tyle samo roztworu ile sama wa\u017cy. Ka\u017cdorazowo przy aplikacji powinna przy\u015bwieca\u0107 zasada, \u017ce skoro \u015brodek jest tani to dla pewnego efektu nie nale\u017cy oszcz\u0119dza\u0107 na st\u0119\u017ceniach. W przypadku w\u0105tpliwo\u015bci stosowa\u0107 wi\u0119ksze st\u0119\u017cenie z zalecanego przedzia\u0142u. Zw\u0142aszcza tam gdzie nast\u0119puje du\u017ce zu\u017cycie, wymiana czy wychlapywanie (np. myjnie samochodowe) lub gdzie mo\u017ce zachodzi\u0107 obawa o wyj\u0105tkowo intensywne wyp\u0142ukiwanie nanocz\u0105steczek (np. bardzo cz\u0119sto prana po\u015bciel szpitalna).<\/p><p class=\"text\"><strong>Skuteczno\u015b\u0107<\/strong><\/p><p class=\"text\">Wykazuje w\u0142a\u015bciwo\u015bci biob\u00f3jcze przez czas pozostawania nanocz\u0105steczek w pod\u0142o\u017cu lub cieczy. W pod\u0142o\u017cach, kt\u00f3re s\u0105 cz\u0119sto prane, kolejne prania mog\u0105 powodowa\u0107 znikome wyp\u0142ukiwanie cz\u0105stek. Zabieg mo\u017cna powtarza\u0107. Niszczenie pierwszych mikroorganizm\u00f3w zaczyna si\u0119 po oko\u0142o 6-ciu minutach od aplikacji. Os\u0142abienie lub ca\u0142kowite zako\u0144czenie efektywno\u015bci biob\u00f3jczej nast\u0119puje wraz z mechanicznym zniszczeniem pow\u0142oki lub zas\u0142oni\u0119ciu jej przez obumar\u0142e drobnoustroje, kurz, py\u0142 lub pow\u0142ok\u0119 malarsk\u0105.<\/p>\t\t\t\t\t<\/div>\n\t\t\t\t\t\t<\/div>\n\t\t\t\t<\/div>\n\t\t\t\t<section class=\"elementor-section elementor-inner-section elementor-element elementor-element-6b74c41 elementor-section-boxed elementor-section-height-default elementor-section-height-default\" data-id=\"6b74c41\" data-element_type=\"section\">\n\t\t\t\t\t\t<div class=\"elementor-container elementor-column-gap-default\">\n\t\t\t\t\t\t\t<div class=\"elementor-row\">\n\t\t\t\t\t<div class=\"elementor-column elementor-col-100 elementor-inner-column elementor-element elementor-element-0315276\" data-id=\"0315276\" data-element_type=\"column\">\n\t\t\t<div class=\"elementor-column-wrap elementor-element-populated\">\n\t\t\t\t\t\t\t<div class=\"elementor-widget-wrap\">\n\t\t\t\t\t\t<div class=\"elementor-element elementor-element-68a96c0 elementor-widget elementor-widget-text-editor\" data-id=\"68a96c0\" data-element_type=\"widget\" data-widget_type=\"text-editor.default\">\n\t\t\t\t<div class=\"elementor-widget-container\">\n\t\t\t\t\t\t\t\t<div class=\"elementor-text-editor elementor-clearfix\">\n\t\t\t\t<p><strong>Bielizna<\/strong><br \/>Zaimpregnowana lub wykonana z udzia\u0142em w\u0142\u00f3kien z NANO SREBREM zapobiegnie rozwojowi bakterii i nieprzyjemnym zapachom potu. Dodatkowo poprawiaj\u0105 si\u0119 jej w\u0142a\u015bciwo\u015bci antystatyczne. Tkaniny z nanocz\u0105steczkami srebra lepiej te\u017c przewodz\u0105 (odprowadzaj\u0105) energi\u0119 ciepln\u0105. Jest to bardzo przydatne w skarpetach gdzie dochodzi do ekstremalnych warunk\u00f3w jak chodzi o komfort cieplny.<br \/><br \/><\/p><p><strong>Materace i po\u015bciel<\/strong><br \/>Chc\u0105c zwalczy\u0107 siedliska bakterii (g\u0142\u00f3wny pokarm roztoczy), nale\u017cy zastosowa\u0107 nowej generacji \u015brodek biob\u00f3jczy NANO SREBRO. Wszystkie dotychczasowe metody biob\u00f3jcze skupia\u0142y si\u0119 (takie te\u017c by\u0142y mo\u017cliwo\u015bci technologiczne) na dora\u017anej dezynfekcji. Najcz\u0119\u015bciej zaraz po wyschni\u0119ciu lub odparowaniu \u015brodka biob\u00f3jczego bakterie mog\u0142y namna\u017ca\u0107 si\u0119 swobodnie, a\u017c do nast\u0119pnego prania czy dezynfekcji. Dodatkowo, w materacach nanocz\u0105steczki srebra tworz\u0105 barier\u0119 dla fal elektromagnetycznych\u2013 promieniowania \u017cy\u0142 wodnych.<br \/><br \/><\/p><p><strong>Ubrania codziennego u\u017cytku<\/strong><br \/>Sterylno\u015b\u0107 i brak zapachu potu. Tkaniny z dodatkiem srebra maj\u0105 w\u0142a\u015bciwo\u015bci antystatyczne. W okresie letnim tkanina ze srebrem lepiej odbija promieniowanie s\u0142oneczne i zmniejsza tym samym nagrzewanie cia\u0142a pochodz\u0105ce od tego promieniowania.<br \/><br \/><\/p><p><strong>Odzie\u017c ochronna i robocza<\/strong><br \/>Sterylno\u015b\u0107 i brak zapachu potu<br \/><br \/><\/p><p><strong>Obuwie<\/strong><br \/>Buty s\u0105 miejscem szczeg\u00f3lnym dla rozwoju bakterii &#8211; ciep\u0142o, wilgotno i du\u017co pokarmu jakim jest pot. Wszystkie elementy but\u00f3w od podeszwy po cholewki mo\u017cna wyposa\u017cy\u0107 w funkcj\u0119 bakteriob\u00f3jcz\u0105 NANO SREBRO.<br \/>Trwa\u0142a ochrona przed rozwojem bakterii i grzyb\u00f3w.<br \/><br \/><\/p><p><strong>Meble tapicerowane<\/strong><br \/>Meble bez bakterii w swojej tapicerce maj\u0105 mniej roztoczy bo roztocza od\u017cywiaj\u0105 si\u0119 przede wszystkim bakteriami. Nie ma pokarmu &#8211; nie warto bytowa\u0107 w takim \u015brodowisku. Alergicy b\u0119d\u0105 wdzi\u0119czni.<br \/><br \/><\/p><p><strong>Artyku\u0142y dzieci\u0119ce<\/strong><br \/>Komfort \u015bwiadomo\u015bci, \u017ce dziecko korzysta ze sterylnych przedmiot\u00f3w. Sterylno\u015b\u0107 utrzymuje si\u0119 ca\u0142y czas. Ka\u017cda pojedyncza bakteria po 2 ~ 6 minutach zostaje pora\u017cona i ginie. Oczywi\u015bcie wbudowane w tworzywa cz\u0105steczki NANO SREBRA nie zagra\u017caj\u0105 dziecku.<br \/><br \/><\/p><p><strong>Piel\u0119gnacja cia\u0142a<\/strong><br \/>NANO SREBRO z powodzeniem zwalcza bakterie. Dlatego mo\u017ce by\u0107 powszechnie stosowany we wszystkich produktach biob\u00f3jczych do higieny cz\u0142owieka. NANO SREBRO nie zawiera Triclosan\u2019u, kt\u00f3ry jest obecnie stosowany w bakteriob\u00f3jczych myd\u0142ach i pastach do z\u0119b\u00f3w.<br \/><br \/><\/p><p><strong>W kuchni<\/strong><br \/>Sprz\u0119ty kuchenne mog\u0105 by\u0107 siedliskiem niebezpiecznych bakterii, zw\u0142aszcza trudne do umycia ich zakamarki. Plastiki bakteriob\u00f3jcze z NANO SREBREM s\u0105 bakteriob\u00f3jcze w ca\u0142ej swojej masie a nie tylko na powierzchni. Nawet po zadrapaniu czy ukruszeniu sprz\u0119tu jest on w dalszym ci\u0105gu sprawny do zabijania mikroorganizm\u00f3w.<br \/><br \/><\/p><p><strong>Lod\u00f3wki i zamra\u017carki<\/strong><br \/>Zwielokrotnione bezpiecze\u0144stwo przechowywanej \u017cywno\u015bci. Dzi\u0119ki wbudowaniu cz\u0105steczek nanokompozytu srebra do element\u00f3w lod\u00f3wek tj. plastik\u00f3w, uszczelek i lakier\u00f3w, utrzymuje si\u0119 w jej wn\u0119trzu (i na powierzchni zewn\u0119trznej je\u015bli zastosowano) stan permanentnego zabijania mikroorganizm\u00f3w. Bakterie s\u0105 bardzo skutecznie zwalczane co przyczynia si\u0119 do utrzymania \u017cywno\u015bci w stanie \u015bwie\u017co\u015bci znacznie d\u0142u\u017cej ni\u017c w zwyk\u0142ej lod\u00f3wce. Niedopuszczenie do rozwoju mikroorganizm\u00f3w zapobiegnie te\u017c nieprzyjemnym zapachom rozk\u0142adu \u017cywno\u015bci. Sterylno\u015b\u0107.<br \/><br \/><\/p><p><strong>W samochodzie<\/strong><br \/>Przewody i filtry wentylacji i klimatyzacji, ca\u0142a tapicerka, kokpit, dywaniki, elementy plastikowe i fotelik dla dziecka mog\u0105 by\u0107 wykonane z udzia\u0142em NANO SREBRA. Zapobiegnie to rozwojowi (cz\u0119sto bardzo gro\u017anych) bakterii i grzyb\u00f3w oraz nieprzyjemnym zapachom. I co najwa\u017cniejsze nie b\u0119dzie to dora\u017ane dzia\u0142anie jak w przypadku wszystkich obecnych \u015brodk\u00f3w biob\u00f3jczych lecz trwa\u0142e.<br \/><br \/><\/p><p><strong>W autobusie, samolocie i metrze<\/strong><br \/>Ka\u017cdy milimetr kwadratowy element\u00f3w sk\u0142adowych wyposa\u017cenia i obud\u00f3w mo\u017ce zabija\u0107 mikroorganizmy. Tak skutecznej, je\u015bli chodzi o trwa\u0142o\u015b\u0107 dzia\u0142ania i taniej broni przed mikroorganizmami ludzko\u015b\u0107 do tej pory nie zna\u0142a.<br \/>W autobusie, samolocie i metrze<\/p><p><strong>Filtry klimatyzacji i wentylacji<\/strong><br \/>Obok komfortu jaki stwarzaj\u0105 s\u0105 te\u017c istn\u0105 zmor\u0105 z uwagi na rozwijaj\u0105ce si\u0119 w nich chorobotw\u00f3rcze bakterie i grzyby. Przez weekend w nieczynnych klimatyzacjach namna\u017caj\u0105 si\u0119 mikroorganizmy. W poniedzia\u0142ek s\u0105 wydmuchiwane do pomieszcze\u0144 &#8211; syndrom chorego poniedzia\u0142ku. W salach operacyjnych z tego powodu klimatyzacje pracuj\u0105 non stop co ma zaradzi\u0107 rozwojowi bakterii w filtrach i przewodach. Jest to te\u017c jaki\u015b ratunek. Ale co z klimatyzacj\u0105 w samochodzie i innych \u015brodkach transportu? Do tej pory cz\u0119\u015bciej lub rzadziej stosowano dezynfekcj\u0119. W samochodach zwyczajowo zabieg taki wykonywany jest raz na rok! Ryzyko nabawienia si\u0119 podst\u0119pnego zapalenia p\u0142uc wywo\u0142anego bakteriami legionelli jest ogromne!<br \/><br \/><\/p><p><strong>Klamki, uchwyty, por\u0119cze<\/strong><br \/>Czy pami\u0119tacie z dzieci\u0144stwa przestrog\u0119 mamy, kiedy wchodzili\u015bcie do toalety publicznej : Tylko niczego nie dotykaj!\u201d? Przestroga ta przejdzie z czasem do historii.<br \/>Klamki, uchwyty, por\u0119cze<\/p><p><strong>Farby i tapety<\/strong><br \/>W mieszkaniach najbardziej zagra\u017caj\u0105 toksyny grzyb\u00f3w ple\u015bniowych Du\u017ce st\u0119\u017cenia grzyb\u00f3w ple\u015bniowych obserwuje si\u0119 zw\u0142aszcza w budownictwie wielkop\u0142ytowym przy zbyt szczelnych oknach. \u015aciany mo\u017cna zaimpregnowa\u0107 NANO SREBREM lub pomalowa\u0107 farb\u0105 zawieraj\u0105c\u0105 NANO SREBRO. Zapobiegnie to rozwojowi mikroskopijnych zarodnik\u00f3w grzyb\u00f3w, kt\u00f3re rozpylane w powietrzu powoduj\u0105 astm\u0119 oskrzelow\u0105, alergiczny nie\u017cyt nosa czy zapalenie spoj\u00f3wek.<br \/><br \/><\/p><p><strong>Intensywny trening, sprz\u0119ty sportowe<\/strong><br \/>Ludzka stopa ma oko\u0142o 250.000 gruczo\u0142\u00f3w potowych, kt\u00f3re mog\u0105 wyprodukowa\u0107 nawet 500 ml potu w ci\u0105gu jednego dnia. Pocenie si\u0119 jest naturalnym procesem, koniecznym do zachowania prawid\u0142owej r\u00f3wnowagi wewn\u0119trznej organizmu. Dzi\u0119ki niemu mo\u017cliwe jest regulowanie temperatury cia\u0142a oraz wydalanie zb\u0119dnych substancji. Pot jest bezzapachowy. Nieprzyjemny zapach potu powstaje dopiero w wyniku jego rozk\u0142adu przez bakterie. NANO SREBRO nie hamuje procesu powstawania potu (jak robi\u0105 to antyperspiranty), nie dzia\u0142a wbrew naturze. Zwalcza bakterie w tkaninie i zapobiega tym samym procesowi rozk\u0142adu potu a co za tym idzie przykremu zapachowi.<br \/>Intensywny trening, sprz\u0119ty sportowe<\/p><p><strong>Jacuzzi i k\u0105pieliska<\/strong><br \/>Najgro\u017aniejsze miejsca &#8211; \u015bmierciono\u015bne bakterie legionelli i grzybice! Ska\u017cona woda w jacuzzi mo\u017ce by\u0107 \u201ebomb\u0105 bakteriologiczn\u0105\u201d mog\u0105c\u0105 zabi\u0107. Co roku w Europie umiera kilka tysi\u0119cy os\u00f3b z powodu zaka\u017cenia legionell\u0105. Chlor nie zawsze jest skuteczny, szybko degraduje si\u0119 pod wp\u0142ywem UV.<\/p>\t\t\t\t\t<\/div>\n\t\t\t\t\t\t<\/div>\n\t\t\t\t<\/div>\n\t\t\t\t\t\t<\/div>\n\t\t\t\t\t<\/div>\n\t\t<\/div>\n\t\t\t\t\t\t\t\t<\/div>\n\t\t\t\t\t<\/div>\n\t\t<\/section>\n\t\t\t\t\t\t<\/div>\n\t\t\t\t\t<\/div>\n\t\t<\/div>\n\t\t\t\t\t\t\t\t<\/div>\n\t\t\t\t\t<\/div>\n\t\t<\/section>\n\t\t\t\t\t\t<\/div>\n\t\t\t\t\t\t<\/div>\n\t\t\t\t\t<\/div>\n\t\t","protected":false},"excerpt":{"rendered":"<p>NANO SREBRO to \u015brodek biob\u00f3jczy nowej generacji gdy\u017c: w przeciwie\u0144stwie do dotychczasowych \u015brodk\u00f3w dzia\u0142a permanentnie i ju\u017c po kilku minutach od zastosowania, jego produkcja jest mo\u017cliwa dzi\u0119ki nanotechnologii, wykazuje skuteczno\u015b\u0107 na poziomie 99,99 %, jest \u015brodkiem bezwonnym na bazie wody neutralizuj\u0105cym zapachy, jest przyjazny dla alergik\u00f3w, sk\u0142ada si\u0119 z nanocz\u0105stek srebra (lub srebra i krzemionki), [&hellip;]<\/p>\n","protected":false},"author":1,"featured_media":0,"parent":0,"menu_order":0,"comment_status":"closed","ping_status":"closed","template":"elementor_header_footer","meta":[],"_links":{"self":[{"href":"https:\/\/nanobestworld.pl\/index.php\/wp-json\/wp\/v2\/pages\/89"}],"collection":[{"href":"https:\/\/nanobestworld.pl\/index.php\/wp-json\/wp\/v2\/pages"}],"about":[{"href":"https:\/\/nanobestworld.pl\/index.php\/wp-json\/wp\/v2\/types\/page"}],"author":[{"embeddable":true,"href":"https:\/\/nanobestworld.pl\/index.php\/wp-json\/wp\/v2\/users\/1"}],"replies":[{"embeddable":true,"href":"https:\/\/nanobestworld.pl\/index.php\/wp-json\/wp\/v2\/comments?post=89"}],"version-history":[{"count":19,"href":"https:\/\/nanobestworld.pl\/index.php\/wp-json\/wp\/v2\/pages\/89\/revisions"}],"predecessor-version":[{"id":436,"href":"https:\/\/nanobestworld.pl\/index.php\/wp-json\/wp\/v2\/pages\/89\/revisions\/436"}],"wp:attachment":[{"href":"https:\/\/nanobestworld.pl\/index.php\/wp-json\/wp\/v2\/media?parent=89"}],"curies":[{"name":"wp","href":"https:\/\/api.w.org\/{rel}","templated":true}]}}