{"id":95,"date":"2021-10-21T13:41:48","date_gmt":"2021-10-21T11:41:48","guid":{"rendered":"http:\/\/nano.bestoffice.nazwa.pl\/?page_id=95"},"modified":"2021-11-03T15:03:34","modified_gmt":"2021-11-03T14:03:34","slug":"zastosowanie-w-medycynie","status":"publish","type":"page","link":"https:\/\/nanobestworld.pl\/index.php\/zastosowanie-w-medycynie\/","title":{"rendered":"Zastosowanie w medycynie"},"content":{"rendered":"\t\t<div data-elementor-type=\"wp-page\" data-elementor-id=\"95\" class=\"elementor elementor-95\" data-elementor-settings=\"[]\">\n\t\t\t\t\t\t<div class=\"elementor-inner\">\n\t\t\t\t\t\t\t<div class=\"elementor-section-wrap\">\n\t\t\t\t\t\t\t<section class=\"elementor-section elementor-top-section elementor-element elementor-element-4d6ee4b elementor-section-boxed elementor-section-height-default elementor-section-height-default\" data-id=\"4d6ee4b\" data-element_type=\"section\">\n\t\t\t\t\t\t\t<div class=\"elementor-background-overlay\"><\/div>\n\t\t\t\t\t\t\t<div class=\"elementor-container elementor-column-gap-default\">\n\t\t\t\t\t\t\t<div class=\"elementor-row\">\n\t\t\t\t\t<div class=\"elementor-column elementor-col-100 elementor-top-column elementor-element elementor-element-cc6cf5f\" data-id=\"cc6cf5f\" data-element_type=\"column\">\n\t\t\t<div class=\"elementor-column-wrap elementor-element-populated\">\n\t\t\t\t\t\t\t<div class=\"elementor-widget-wrap\">\n\t\t\t\t\t\t<div class=\"elementor-element elementor-element-d71d76d elementor-widget elementor-widget-text-editor\" data-id=\"d71d76d\" data-element_type=\"widget\" data-widget_type=\"text-editor.default\">\n\t\t\t\t<div class=\"elementor-widget-container\">\n\t\t\t\t\t\t\t\t<div class=\"elementor-text-editor elementor-clearfix\">\n\t\t\t\t<p class=\"text\">Niew\u0105tpliw\u0105 zalet\u0105 jest pe\u0142na skuteczno\u015b\u0107 naszych niechemicznych nanokoloid\u00f3w, w niezwykle niskich st\u0119\u017ceniach preparat\u00f3w, kt\u00f3re s\u0105 wyra\u017cane \u2013 nawet nie w procentach, ale w ppm. Np. u\u017cywany jeszcze w medycynie azotan srebra ma st\u0119\u017cenie 1% (w okulistyce), czy 1 \u20135 % w chirurgii. To bardzo wysokie st\u0119\u017cenia, podczas gdy my, przy zachowaniu takiej samej skuteczno\u015bci, oferujemy st\u0119\u017cenie niechemicznego nanokoloidu srebra od 0,0001% do 0,0005%.<\/p><p class=\"text\"><strong><span class=\"blue_small\">Ponadto mo\u017cna je u\u017cywa\u0107:<\/span><\/strong><\/p><ul class=\"list\"><li>do dezynfekcji pomieszcze\u0144 szpitalnych, odka\u017cania urz\u0105dze\u0144 i instalacji medycznych,<\/li><li>do dezynfekcji \u015brodk\u00f3w opatrunkowych, oraz podczas proces\u00f3w produkcyjnych, gdzie jest wymagany wysoki poziom sterylno\u015bci,<\/li><li>nanokoloid srebra mo\u017cna dodawa\u0107 do soli fizjologicznej,<\/li><li>mo\u017cna koloid srebra r\u00f3wnie\u017c stosowa\u0107 pod postaci\u0105 lodu, a rozmro\u017cony zachowuje w\u0142a\u015bciwo\u015bci biob\u00f3jcze (stosowanie przy oparzeniach),<\/li><li>jest doskona\u0142ym \u015brodkiem do stosowania przy p\u0142ukaniu ubra\u0144 w pralniach szpitalnych tworz\u0105c na nich warstw\u0119 ochronn\u0105 (staj\u0105 si\u0119 one, w wyniku tego \u201eubraniami biob\u00f3jczymi\u201d),<\/li><li>stosowany do odka\u017cania ran ma t\u0105 przewag\u0119 nad azotanem srebra (lapisem), i\u017c nie wywo\u0142uje nekrozy nab\u0142onka,<\/li><li>do leczenia oparze\u0144 (g\u0142\u00f3wnie w postaci spray&#8217;u w soli fizjologicznej),<\/li><li>zastosowanie w postaci hydro\u017celowej nanocz\u0105steczek srebra zmniejsza koszty hospitalizacji np. dzi\u0119ki redukcji liczby wymaganych czy r\u00f3\u017cnorodnych \u015brodk\u00f3w do dezynsekcji.<\/li><\/ul>\t\t\t\t\t<\/div>\n\t\t\t\t\t\t<\/div>\n\t\t\t\t<\/div>\n\t\t\t\t\t\t<\/div>\n\t\t\t\t\t<\/div>\n\t\t<\/div>\n\t\t\t\t\t\t\t\t<\/div>\n\t\t\t\t\t<\/div>\n\t\t<\/section>\n\t\t\t\t\t\t<\/div>\n\t\t\t\t\t\t<\/div>\n\t\t\t\t\t<\/div>\n\t\t","protected":false},"excerpt":{"rendered":"<p>Niew\u0105tpliw\u0105 zalet\u0105 jest pe\u0142na skuteczno\u015b\u0107 naszych niechemicznych nanokoloid\u00f3w, w niezwykle niskich st\u0119\u017ceniach preparat\u00f3w, kt\u00f3re s\u0105 wyra\u017cane \u2013 nawet nie w procentach, ale w ppm. Np. u\u017cywany jeszcze w medycynie azotan srebra ma st\u0119\u017cenie 1% (w okulistyce), czy 1 \u20135 % w chirurgii. To bardzo wysokie st\u0119\u017cenia, podczas gdy my, przy zachowaniu takiej samej skuteczno\u015bci, oferujemy [&hellip;]<\/p>\n","protected":false},"author":1,"featured_media":0,"parent":0,"menu_order":0,"comment_status":"closed","ping_status":"closed","template":"","meta":[],"_links":{"self":[{"href":"https:\/\/nanobestworld.pl\/index.php\/wp-json\/wp\/v2\/pages\/95"}],"collection":[{"href":"https:\/\/nanobestworld.pl\/index.php\/wp-json\/wp\/v2\/pages"}],"about":[{"href":"https:\/\/nanobestworld.pl\/index.php\/wp-json\/wp\/v2\/types\/page"}],"author":[{"embeddable":true,"href":"https:\/\/nanobestworld.pl\/index.php\/wp-json\/wp\/v2\/users\/1"}],"replies":[{"embeddable":true,"href":"https:\/\/nanobestworld.pl\/index.php\/wp-json\/wp\/v2\/comments?post=95"}],"version-history":[{"count":4,"href":"https:\/\/nanobestworld.pl\/index.php\/wp-json\/wp\/v2\/pages\/95\/revisions"}],"predecessor-version":[{"id":466,"href":"https:\/\/nanobestworld.pl\/index.php\/wp-json\/wp\/v2\/pages\/95\/revisions\/466"}],"wp:attachment":[{"href":"https:\/\/nanobestworld.pl\/index.php\/wp-json\/wp\/v2\/media?parent=95"}],"curies":[{"name":"wp","href":"https:\/\/api.w.org\/{rel}","templated":true}]}}